{"id":1238,"date":"2025-08-20T13:48:18","date_gmt":"2025-08-20T11:48:18","guid":{"rendered":"http:\/\/prod.voyageurs.ch\/website\/anfahrt\/"},"modified":"2025-12-11T17:01:09","modified_gmt":"2025-12-11T16:01:09","slug":"anfahrt","status":"publish","type":"page","link":"https:\/\/voyageurs.ch\/de\/anfahrt\/","title":{"rendered":"Anfahrt"},"content":{"rendered":"<div class=\"wpb-content-wrapper\">[vc_row full_width=&#8220;stretch_row_content_no_spaces&#8220; content_placement=&#8220;middle&#8220; css=&#8220;.vc_custom_1765468863603{background-image: url(https:\/\/voyageurs.ch\/website\/wp-content\/uploads\/2024\/04\/HOTELDESVOYAGEURS_250412_0260.jpg?id=816) !important;background-position: center !important;background-repeat: no-repeat !important;background-size: cover !important;}&#8220; min_height=&#8220;600px&#8220; wpex_bg_overlay=&#8220;color&#8220; wpex_bg_overlay_blend=&#8220;multiply&#8220; wpex_bg_overlay_color=&#8220;palette-13&#8243; wpex_bg_overlay_opacity=&#8220;20%&#8220;][vc_column]<style>.vcex-image.vcex_69e464956df51 .vcex-image-inner{max-width:350px;}<\/style><figure class=\"vcex-image vcex-module wpex-text-center logoHome vcex_69e464956df51\"><div class=\"vcex-image-inner wpex-relative wpex-inline-block vc_custom_1758278453676\"><a href=\"https:\/\/voyageurs.ch\/de\/\"><img width=\"1000\" height=\"477\" src=\"https:\/\/voyageurs.ch\/website\/wp-content\/uploads\/2024\/04\/Hotel-des-voyageurs-logoBlanc2.png\" class=\"vcex-image-img wpex-align-middle skip-lazy\" alt=\"H\u00f4tel des Voyageurs\" data-no-lazy=\"1\" srcset=\"https:\/\/voyageurs.ch\/website\/wp-content\/uploads\/2024\/04\/Hotel-des-voyageurs-logoBlanc2.png 1000w, https:\/\/voyageurs.ch\/website\/wp-content\/uploads\/2024\/04\/Hotel-des-voyageurs-logoBlanc2-300x143.png 300w, https:\/\/voyageurs.ch\/website\/wp-content\/uploads\/2024\/04\/Hotel-des-voyageurs-logoBlanc2-768x366.png 768w\" sizes=\"(max-width: 1000px) 100vw, 1000px\" \/><\/a><\/div><\/figure><div class=\"vcex-spacing wpex-w-100 wpex-clear\" style=\"height:10vh;\"><\/div>[vc_row_inner content_placement=&#8220;bottom&#8220;][vc_column_inner offset=&#8220;vc_col-lg-offset-2 vc_col-lg-8 vc_col-md-offset-1 vc_col-md-10&#8243;][vc_column_text css=&#8220;&#8220; color=&#8220;#ffffff&#8220; font_family=&#8220;palast-variable&#8220; text_align=&#8220;center&#8220; font_size=&#8220;d:1em|pp:0.8em&#8220; el_class=&#8220;ombrePorteeText&#8220;]\n<h1>Ihre Stadtauszeit beginnt hier: Direkt an der U-Bahn gelegen, ist unser Hotel der ideale Ausgangspunkt, um Lausanne zu entdecken.<\/h1>\n[\/vc_column_text]<div class=\"vcex-spacing wpex-w-100 wpex-clear\" style=\"height:10vh;\"><\/div>[\/vc_column_inner][\/vc_row_inner][\/vc_column][\/vc_row][vc_row][vc_column][vc_raw_html]PGRpdiBpZD0ic2ItY29udGFpbmVyIj48ZGl2IGNsYXNzPSJib29raW5nUGxhY2Vob2xkZXIiPkJ1Y2h1bmdzbW9kdWw8L2Rpdj48L2Rpdj4=[\/vc_raw_html][\/vc_column][\/vc_row][vc_row][vc_column offset=&#8220;vc_col-lg-offset-2 vc_col-lg-8 vc_col-md-offset-1 vc_col-md-10&#8243;]<div class=\"vcex-spacing wpex-w-100 wpex-clear\" style=\"height:50px;\"><\/div>[vc_column_text css=&#8220;&#8220; text_align=&#8220;center&#8220; color=&#8220;accent&#8220;]\n<h1>Anfahrt &amp; Verkehrsmittel<\/h1>\n<p class=\"p1\">Das H\u00f4tel des Voyageurs genie\u00dft eine zentrale Lage und ist sowohl mit \u00f6ffentlichen Verkehrsmitteln als auch mit dem Auto leicht erreichbar. Nachfolgend finden Sie alle n\u00fctzlichen Informationen, um Ihre Anreise in aller Ruhe zu planen.<\/p>\n[\/vc_column_text]<div class=\"vcex-spacing wpex-w-100 wpex-clear\" style=\"height:50px;\"><\/div>[\/vc_column][\/vc_row][vc_row][vc_column][vc_goo_maps location=&#8220;H\u00f4tel des Voyageurs Boutique, Rue Grand-Saint-Jean 19, 1003 Lausanne&#8220; height=&#8220;400px&#8220; zoom=&#8220;17&#8243; css=&#8220;&#8220;]<div class=\"vcex-spacing wpex-w-100 wpex-clear\" style=\"height:20px;\"><\/div>[\/vc_column][\/vc_row][vc_row content_placement=&#8220;middle&#8220;][vc_column width=&#8220;1\/2&#8243; offset=&#8220;vc_col-lg-4&#8243;][vc_column_text css=&#8220;&#8220; text_align=&#8220;right&#8220;]\n<h3 style=\"text-align: left;\"><strong>Mit \u00f6ffentlichen Verkehrsmitteln<\/strong><\/h3>\n<p style=\"text-align: left;\">Die unmittelbare N\u00e4he des Hotels zur U-Bahn-Station \u201eFlon\u201c und den \u00f6ffentlichen Verkehrsmitteln (TL):<\/p>\n<p style=\"text-align: left;\">Vom Bahnhof aus nehmen Sie die U-Bahn M2 Richtung Croisettes bis zur Haltestelle: <b>\u201eLausanne-Flon\u201c<\/b> (1 Haltestelle). Nehmen Sie den Aufzug, der zur \u201ePasserelle\u201c f\u00e4hrt. Verlassen Sie den Aufzug und biegen Sie links ab, \u00fcberqueren Sie die Stra\u00dfe und gehen Sie geradeaus weiter in Richtung \u201eRue Pichard\u201c. Biegen Sie rechts ab und gehen Sie die Rue Grand St-Jean hinunter bis zur Hausnummer 19.<\/p>\n<p style=\"text-align: left;\">Bei Ihrer Ankunft im Hotel erhalten Sie die \u00ab<a href=\"https:\/\/www.lausanne-tourisme.ch\/de\/lausanne-transport-card-and-more\/\" target=\"_blank\" rel=\"noopener\">Lausanne Transport Card\u00bb<\/a>.<\/p>\n[\/vc_column_text][\/vc_column][vc_column width=&#8220;1\/3&#8243; offset=&#8220;vc_col-lg-3&#8243;]<div class=\"vcex-spacing wpex-w-100 wpex-clear\" style=\"height:50px;\"><\/div><figure class=\"vcex-image vcex-module\"><div class=\"vcex-image-inner wpex-relative wpex-inline-block vc_custom_1761749948315\"><img width=\"1365\" height=\"2048\" src=\"https:\/\/voyageurs.ch\/website\/wp-content\/uploads\/2025\/08\/HOTELDESVOYAGEURS_250412_0417.jpg\" class=\"vcex-image-img wpex-align-middle\" alt=\"\" loading=\"lazy\" decoding=\"async\" srcset=\"https:\/\/voyageurs.ch\/website\/wp-content\/uploads\/2025\/08\/HOTELDESVOYAGEURS_250412_0417.jpg 1365w, https:\/\/voyageurs.ch\/website\/wp-content\/uploads\/2025\/08\/HOTELDESVOYAGEURS_250412_0417-200x300.jpg 200w, https:\/\/voyageurs.ch\/website\/wp-content\/uploads\/2025\/08\/HOTELDESVOYAGEURS_250412_0417-683x1024.jpg 683w, https:\/\/voyageurs.ch\/website\/wp-content\/uploads\/2025\/08\/HOTELDESVOYAGEURS_250412_0417-768x1152.jpg 768w, https:\/\/voyageurs.ch\/website\/wp-content\/uploads\/2025\/08\/HOTELDESVOYAGEURS_250412_0417-1024x1536.jpg 1024w\" sizes=\"auto, (max-width: 1365px) 100vw, 1365px\" \/><\/div><\/figure>[\/vc_column][\/vc_row][vc_row visibility=&#8220;hidden-phone&#8220;][vc_column offset=&#8220;vc_col-lg-offset-8 vc_col-lg-4 vc_hidden-md vc_hidden-sm vc_hidden-xs&#8220; el_class=&#8220;offset150&#8243;]<figure class=\"vcex-image vcex-module\"><div class=\"vcex-image-inner wpex-relative wpex-inline-block\"><img width=\"1800\" height=\"1350\" src=\"https:\/\/voyageurs.ch\/website\/wp-content\/uploads\/2025\/08\/Vue-ville_web.jpg\" class=\"vcex-image-img wpex-align-middle\" alt=\"\" loading=\"lazy\" decoding=\"async\" srcset=\"https:\/\/voyageurs.ch\/website\/wp-content\/uploads\/2025\/08\/Vue-ville_web.jpg 1800w, https:\/\/voyageurs.ch\/website\/wp-content\/uploads\/2025\/08\/Vue-ville_web-300x225.jpg 300w, https:\/\/voyageurs.ch\/website\/wp-content\/uploads\/2025\/08\/Vue-ville_web-1024x768.jpg 1024w, https:\/\/voyageurs.ch\/website\/wp-content\/uploads\/2025\/08\/Vue-ville_web-768x576.jpg 768w, https:\/\/voyageurs.ch\/website\/wp-content\/uploads\/2025\/08\/Vue-ville_web-1536x1152.jpg 1536w\" sizes=\"auto, (max-width: 1800px) 100vw, 1800px\" \/><\/div><\/figure>[\/vc_column][\/vc_row][vc_row][vc_column width=&#8220;1\/3&#8243; offset=&#8220;vc_col-lg-4&#8243; el_class=&#8220;offset50&#8243; visibility=&#8220;hidden-phone&#8220;]<div class=\"vcex-spacing wpex-w-100 wpex-clear hidden-desktop\" style=\"height:50px;\"><\/div><style>.vcex-image.vcex_69e46495709b4 .vcex-image-img{object-position:center bottom;}<\/style><figure class=\"vcex-image vcex-module vcex_69e46495709b4\"><div class=\"vcex-image-inner wpex-relative wpex-inline-block\"><img width=\"667\" height=\"1001\" src=\"https:\/\/voyageurs.ch\/website\/wp-content\/uploads\/2024\/04\/hotel-des-voyageurs-rue.jpg\" class=\"vcex-image-img wpex-align-middle\" alt=\"\" loading=\"lazy\" decoding=\"async\" srcset=\"https:\/\/voyageurs.ch\/website\/wp-content\/uploads\/2024\/04\/hotel-des-voyageurs-rue.jpg 667w, https:\/\/voyageurs.ch\/website\/wp-content\/uploads\/2024\/04\/hotel-des-voyageurs-rue-200x300.jpg 200w, https:\/\/voyageurs.ch\/website\/wp-content\/uploads\/2024\/04\/hotel-des-voyageurs-rue-400x600.jpg 400w, https:\/\/voyageurs.ch\/website\/wp-content\/uploads\/2024\/04\/hotel-des-voyageurs-rue-300x450.jpg 300w, https:\/\/voyageurs.ch\/website\/wp-content\/uploads\/2024\/04\/hotel-des-voyageurs-rue-350x525.jpg 350w\" sizes=\"auto, (max-width: 667px) 100vw, 667px\" \/><\/div><\/figure>[\/vc_column][vc_column width=&#8220;1\/2&#8243;]<div class=\"vcex-spacing wpex-w-100 wpex-clear\" style=\"height:50px;\"><\/div>[vc_column_text css=&#8220;&#8220;]\n<h3>Mit dem Auto<\/h3>\n<p>Die Zufahrt mit dem Auto ist f\u00fcr unsere G\u00e4ste jederzeit gestattet.<\/p>\n<p>Das Hotel befindet sich in einer Fu\u00dfg\u00e4ngerzone, aber Sie k\u00f6nnen mit dem Auto zum Be- und Entladen Ihres Gep\u00e4cks vorfahren. Geben Sie in Ihr GPS \u201e<strong>Rue Pichard<\/strong>\u201c ein, fahren Sie in die Fu\u00dfg\u00e4ngerzone und biegen Sie nach 60 Metern rechts ab und fahren Sie die \u201e<strong>Rue Grand St-Jean<\/strong>\u201c hinunter. Fahren Sie weiter bis zur Hausnummer 19, wo wir uns befinden.<\/p>\n<p><strong>ACHTUNG<\/strong>: Vermeiden Sie nach M\u00f6glichkeit die Fu\u00dfg\u00e4ngerzone mit dem Auto an den Tagen des Wochenmarktes: mittwochs und samstags von 7:00 bis 14:00 Uhr. Wir empfehlen Ihnen, direkt zum Parkhaus zu fahren, bevor Sie zum Hotel kommen.<\/p>\n<p>Wir bieten unseren G\u00e4sten einen Vorzugstarif im <a href=\"https:\/\/maps.app.goo.gl\/8kPXAwkhweyaEteS6\" target=\"_blank\" rel=\"noopener\"><strong>Parking Centre-Flon<\/strong><\/a>, das sich in der Rue de Gen\u00e8ve 31, 1003 Lausanne befindet, nur wenige Minuten von unserem Hotel entfernt (~500m). Bei Ihrer Ankunft fragen Sie an der Hotelrezeption nach den Rabattkarten, die Ihnen beim Bezahlen den Vorzugstarif von CHF 15 \/ 24h erm\u00f6glichen.[\/vc_column_text][\/vc_column][\/vc_row][vc_row visibility=&#8220;visible-phone&#8220;][vc_column offset=&#8220;vc_col-lg-offset-8 vc_col-lg-4&#8243; el_class=&#8220;offset150&#8243;]<figure class=\"vcex-image vcex-module\"><div class=\"vcex-image-inner wpex-relative wpex-inline-block\"><img width=\"1800\" height=\"1350\" src=\"https:\/\/voyageurs.ch\/website\/wp-content\/uploads\/2025\/08\/Vue-ville_web.jpg\" class=\"vcex-image-img wpex-align-middle\" alt=\"\" loading=\"lazy\" decoding=\"async\" srcset=\"https:\/\/voyageurs.ch\/website\/wp-content\/uploads\/2025\/08\/Vue-ville_web.jpg 1800w, https:\/\/voyageurs.ch\/website\/wp-content\/uploads\/2025\/08\/Vue-ville_web-300x225.jpg 300w, https:\/\/voyageurs.ch\/website\/wp-content\/uploads\/2025\/08\/Vue-ville_web-1024x768.jpg 1024w, https:\/\/voyageurs.ch\/website\/wp-content\/uploads\/2025\/08\/Vue-ville_web-768x576.jpg 768w, https:\/\/voyageurs.ch\/website\/wp-content\/uploads\/2025\/08\/Vue-ville_web-1536x1152.jpg 1536w\" sizes=\"auto, (max-width: 1800px) 100vw, 1800px\" \/><\/div><\/figure>[\/vc_column][\/vc_row]\n<\/div>","protected":false},"excerpt":{"rendered":"<p>[vc_row full_width=&#8220;stretch_row_content_no_spaces&#8220; content_placement=&#8220;middle&#8220; css=&#8220;.vc_custom_1765468863603{background-image: url(https:\/\/voyageurs.ch\/website\/wp-content\/uploads\/2024\/04\/HOTELDESVOYAGEURS_250412_0260.jpg?id=816) !important;background-position: center !important;background-repeat: no-repeat !important;background-size: cover !important;}&#8220; min_height=&#8220;600px&#8220; wpex_bg_overlay=&#8220;color&#8220; wpex_bg_overlay_blend=&#8220;multiply&#8220; wpex_bg_overlay_color=&#8220;palette-13&#8243; wpex_bg_overlay_opacity=&#8220;20%&#8220;][vc_column][vc_row_inner content_placement=&#8220;bottom&#8220;][vc_column_inner offset=&#8220;vc_col-lg-offset-2 vc_col-lg-8 vc_col-md-offset-1 vc_col-md-10&#8243;][vc_column_text css=&#8220;&#8220; color=&#8220;#ffffff&#8220; font_family=&#8220;palast-variable&#8220; text_align=&#8220;center&#8220; font_size=&#8220;d:1em|pp:0.8em&#8220; el_class=&#8220;ombrePorteeText&#8220;] Ihre Stadtauszeit beginnt hier: Direkt an der U-Bahn gelegen, ist unser Hotel der ideale Ausgangspunkt, um Lausanne zu entdecken. [\/vc_column_text][\/vc_column_inner][\/vc_row_inner][\/vc_column][\/vc_row][vc_row][vc_column][vc_raw_html]PGRpdiBpZD0ic2ItY29udGFpbmVyIj48ZGl2IGNsYXNzPSJib29raW5nUGxhY2Vob2xkZXIiPkJ1Y2h1bmdzbW9kdWw8L2Rpdj48L2Rpdj4=[\/vc_raw_html][\/vc_column][\/vc_row][vc_row][vc_column offset=&#8220;vc_col-lg-offset-2 vc_col-lg-8 vc_col-md-offset-1 vc_col-md-10&#8243;][vc_column_text css=&#8220;&#8220; text_align=&#8220;center&#8220; color=&#8220;accent&#8220;]&hellip;<\/p>\n","protected":false},"author":1,"featured_media":0,"parent":0,"menu_order":0,"comment_status":"closed","ping_status":"open","template":"","meta":{"footnotes":""},"class_list":["post-1238","page","type-page","status-publish","hentry","entry","no-media"],"_links":{"self":[{"href":"https:\/\/voyageurs.ch\/de\/wp-json\/wp\/v2\/pages\/1238","targetHints":{"allow":["GET"]}}],"collection":[{"href":"https:\/\/voyageurs.ch\/de\/wp-json\/wp\/v2\/pages"}],"about":[{"href":"https:\/\/voyageurs.ch\/de\/wp-json\/wp\/v2\/types\/page"}],"author":[{"embeddable":true,"href":"https:\/\/voyageurs.ch\/de\/wp-json\/wp\/v2\/users\/1"}],"replies":[{"embeddable":true,"href":"https:\/\/voyageurs.ch\/de\/wp-json\/wp\/v2\/comments?post=1238"}],"version-history":[{"count":11,"href":"https:\/\/voyageurs.ch\/de\/wp-json\/wp\/v2\/pages\/1238\/revisions"}],"predecessor-version":[{"id":2009,"href":"https:\/\/voyageurs.ch\/de\/wp-json\/wp\/v2\/pages\/1238\/revisions\/2009"}],"wp:attachment":[{"href":"https:\/\/voyageurs.ch\/de\/wp-json\/wp\/v2\/media?parent=1238"}],"curies":[{"name":"wp","href":"https:\/\/api.w.org\/{rel}","templated":true}]}}