{"id":1300,"date":"2025-07-30T14:37:06","date_gmt":"2025-07-30T12:37:06","guid":{"rendered":"http:\/\/prod.voyageurs.ch\/website\/nachhaltigkeit\/"},"modified":"2025-10-29T16:27:11","modified_gmt":"2025-10-29T15:27:11","slug":"nachhaltigkeit","status":"publish","type":"page","link":"https:\/\/voyageurs.ch\/de\/nachhaltigkeit\/","title":{"rendered":"Nachhaltigkeit"},"content":{"rendered":"<div class=\"wpb-content-wrapper\">[vc_row full_width=&#8220;stretch_row_content_no_spaces&#8220; content_placement=&#8220;middle&#8220; css=&#8220;.vc_custom_1753889145925{background-image: url(http:\/\/voyageurs.ch\/website\/wp-content\/uploads\/2025\/07\/HOTELDESVOYAGEURS_250412_0221.jpg?id=624) !important;background-position: center !important;background-repeat: no-repeat !important;background-size: cover !important;}&#8220; min_height=&#8220;600px&#8220; wpex_bg_overlay=&#8220;color&#8220; wpex_bg_overlay_blend=&#8220;multiply&#8220; wpex_bg_overlay_color=&#8220;palette-13&#8243; wpex_bg_overlay_opacity=&#8220;30%&#8220;][vc_column]<style>.vcex-image.vcex_69d4cadbc1479 .vcex-image-inner{max-width:350px;}<\/style><figure class=\"vcex-image vcex-module wpex-text-center logoHome vcex_69d4cadbc1479\"><div class=\"vcex-image-inner wpex-relative wpex-inline-block vc_custom_1758278480810\"><a href=\"https:\/\/voyageurs.ch\/de\/\"><img width=\"1000\" height=\"477\" src=\"https:\/\/voyageurs.ch\/website\/wp-content\/uploads\/2024\/04\/Hotel-des-voyageurs-logoBlanc2.png\" class=\"vcex-image-img wpex-align-middle skip-lazy\" alt=\"H\u00f4tel des Voyageurs\" data-no-lazy=\"1\" srcset=\"https:\/\/voyageurs.ch\/website\/wp-content\/uploads\/2024\/04\/Hotel-des-voyageurs-logoBlanc2.png 1000w, https:\/\/voyageurs.ch\/website\/wp-content\/uploads\/2024\/04\/Hotel-des-voyageurs-logoBlanc2-300x143.png 300w, https:\/\/voyageurs.ch\/website\/wp-content\/uploads\/2024\/04\/Hotel-des-voyageurs-logoBlanc2-768x366.png 768w\" sizes=\"(max-width: 1000px) 100vw, 1000px\" \/><\/a><\/div><\/figure><div class=\"vcex-spacing wpex-w-100 wpex-clear\" style=\"height:10vh;\"><\/div>[vc_row_inner content_placement=&#8220;bottom&#8220;][vc_column_inner offset=&#8220;vc_col-lg-offset-2 vc_col-lg-8 vc_col-md-offset-1 vc_col-md-10&#8243;][vc_column_text css=&#8220;&#8220; color=&#8220;#ffffff&#8220; font_family=&#8220;palast-variable&#8220; text_align=&#8220;center&#8220; font_size=&#8220;d:1em|pp:0.8em&#8220; el_class=&#8220;ombrePorteeText&#8220;]\n<h1>Mit Sorgfalt und Verantwortung empfangen.<\/h1>\n[\/vc_column_text]<div class=\"vcex-spacing wpex-w-100 wpex-clear\" style=\"height:10vh;\"><\/div>[\/vc_column_inner][\/vc_row_inner][\/vc_column][\/vc_row][vc_row][vc_column][vc_raw_html]PGRpdiBpZD0ic2ItY29udGFpbmVyIj48ZGl2IGNsYXNzPSJib29raW5nUGxhY2Vob2xkZXIiPkJ1Y2h1bmdzbW9kdWw8L2Rpdj48L2Rpdj4=[\/vc_raw_html][\/vc_column][\/vc_row][vc_row][vc_column offset=&#8220;vc_col-lg-offset-2 vc_col-lg-8 vc_col-md-offset-1 vc_col-md-10&#8243;][vc_column_text css=&#8220;&#8220; text_align=&#8220;center&#8220; color=&#8220;accent&#8220;]\n<h1>Unser Engagement<\/h1>\n<p>Das H\u00f4tel des Voyageurs engagiert sich voll und ganz f\u00fcr einen verantwortungsvollen und nachhaltigen Tourismus. Die Swisstainable Zertifizierung Stufe II belegt unseren konkreten Willen, unsere T\u00e4tigkeit umweltfreundlich weiterzuentwickeln.[\/vc_column_text]<div class=\"vcex-spacing wpex-w-100 wpex-clear\" style=\"height:50px;\"><\/div>[\/vc_column][\/vc_row][vc_row][vc_column width=&#8220;3\/4&#8243;][vc_tta_tabs style=&#8220;total_3&#8243; spacing=&#8220;10&#8243; gap=&#8220;15&#8243; active_section=&#8220;1&#8243; el_id=&#8220;tabsustainability&#8220;][vc_tta_section title=&#8220;Energie&#8220; tab_id=&#8220;1753879337357-a7ac056d-c5b2&#8243;]<style>.vcex-bullets.vcex_69d4cadbc6f25 .vcex-bullets-icon{color:var(--wpex-palette-13-color);}<\/style><div class=\"vcex-module vcex-bullets vcex-bullets--vertical custom-icon vcex_69d4cadbc6f25\">\n<ul role=\"list\">\n<li><div class=\"vcex-bullets-ci-wrap wpex-inline-flex\"><span class=\"vcex-bullets-icon-wrap vcex-icon-wrap wpex-mr-10\"><span class=\"vcex-bullets-icon vcex-icon wpex-icon\" aria-hidden=\"true\"><svg xmlns=\"http:\/\/www.w3.org\/2000\/svg\" viewBox=\"0 0 448 512\"><path d=\"M438.6 105.4c12.5 12.5 12.5 32.8 0 45.3l-256 256c-12.5 12.5-32.8 12.5-45.3 0l-128-128c-12.5-12.5-12.5-32.8 0-45.3s32.8-12.5 45.3 0L160 338.7 393.4 105.4c12.5-12.5 32.8-12.5 45.3 0z\"\/><\/svg><\/span><\/span><div class=\"vcex-content wpex-flex-grow\"><strong>Stromabschaltsystem<\/strong> in den Zimmern: Der Strom wird automatisch abgeschaltet, wenn der Gast das Zimmer verl\u00e4sst.<\/div><\/div><\/li>\n<li><div class=\"vcex-bullets-ci-wrap wpex-inline-flex\"><span class=\"vcex-bullets-icon-wrap vcex-icon-wrap wpex-mr-10\"><span class=\"vcex-bullets-icon vcex-icon wpex-icon\" aria-hidden=\"true\"><svg xmlns=\"http:\/\/www.w3.org\/2000\/svg\" viewBox=\"0 0 448 512\"><path d=\"M438.6 105.4c12.5 12.5 12.5 32.8 0 45.3l-256 256c-12.5 12.5-32.8 12.5-45.3 0l-128-128c-12.5-12.5-12.5-32.8 0-45.3s32.8-12.5 45.3 0L160 338.7 393.4 105.4c12.5-12.5 32.8-12.5 45.3 0z\"\/><\/svg><\/span><\/span><div class=\"vcex-content wpex-flex-grow\"><strong>LED-Lampen<\/strong> in allen Zimmern und Hotelbereichen.<\/div><\/div><\/li>\n<li><div class=\"vcex-bullets-ci-wrap wpex-inline-flex\"><span class=\"vcex-bullets-icon-wrap vcex-icon-wrap wpex-mr-10\"><span class=\"vcex-bullets-icon vcex-icon wpex-icon\" aria-hidden=\"true\"><svg xmlns=\"http:\/\/www.w3.org\/2000\/svg\" viewBox=\"0 0 448 512\"><path d=\"M438.6 105.4c12.5 12.5 12.5 32.8 0 45.3l-256 256c-12.5 12.5-32.8 12.5-45.3 0l-128-128c-12.5-12.5-12.5-32.8 0-45.3s32.8-12.5 45.3 0L160 338.7 393.4 105.4c12.5-12.5 32.8-12.5 45.3 0z\"\/><\/svg><\/span><\/span><div class=\"vcex-content wpex-flex-grow\"><strong>Strom<\/strong> der SiL <em>nativa aus 100 % erneuerbaren, 100 % regionalen und 100 % Schweizer Quellen<\/em>, bestehend ausschlie\u00dflich aus lokalen und regionalen Energien: Photovoltaik, Wind- und Wasserkraft.<\/div><\/div><\/li>\n<li><div class=\"vcex-bullets-ci-wrap wpex-inline-flex\"><span class=\"vcex-bullets-icon-wrap vcex-icon-wrap wpex-mr-10\"><span class=\"vcex-bullets-icon vcex-icon wpex-icon\" aria-hidden=\"true\"><svg xmlns=\"http:\/\/www.w3.org\/2000\/svg\" viewBox=\"0 0 448 512\"><path d=\"M438.6 105.4c12.5 12.5 12.5 32.8 0 45.3l-256 256c-12.5 12.5-32.8 12.5-45.3 0l-128-128c-12.5-12.5-12.5-32.8 0-45.3s32.8-12.5 45.3 0L160 338.7 393.4 105.4c12.5-12.5 32.8-12.5 45.3 0z\"\/><\/svg><\/span><\/span><div class=\"vcex-content wpex-flex-grow\"><strong>M\u00fclltrennung<\/strong>: Der Abfall wird anschlie\u00dfend in Zusammenarbeit mit den lokalen Diensten den entsprechenden Recyclingkan\u00e4len zugef\u00fchrt.<\/div><\/div><\/li>\n<\/ul>\n<\/div>[\/vc_tta_section][vc_tta_section title=&#8220;\u00d6kologie&#8220; tab_id=&#8220;1753879337369-ad36905f-8b13&#8243;]<style>.vcex-bullets.vcex_69d4cadbc7c4e .vcex-bullets-icon{color:var(--wpex-palette-13-color);}<\/style><div class=\"vcex-module vcex-bullets vcex-bullets--vertical custom-icon vcex_69d4cadbc7c4e\">\n<ul role=\"list\">\n<li><div class=\"vcex-bullets-ci-wrap wpex-inline-flex\"><span class=\"vcex-bullets-icon-wrap vcex-icon-wrap wpex-mr-10\"><span class=\"vcex-bullets-icon vcex-icon wpex-icon\" aria-hidden=\"true\"><svg xmlns=\"http:\/\/www.w3.org\/2000\/svg\" viewBox=\"0 0 448 512\"><path d=\"M438.6 105.4c12.5 12.5 12.5 32.8 0 45.3l-256 256c-12.5 12.5-32.8 12.5-45.3 0l-128-128c-12.5-12.5-12.5-32.8 0-45.3s32.8-12.5 45.3 0L160 338.7 393.4 105.4c12.5-12.5 32.8-12.5 45.3 0z\"\/><\/svg><\/span><\/span><div class=\"vcex-content wpex-flex-grow\"><strong>Wahl verantwortungsbewusster Lieferanten<\/strong>: Partnerschaft mit Unternehmen, die unsere \u00f6kologischen Werte teilen.<\/div><\/div><\/li>\n<li><div class=\"vcex-bullets-ci-wrap wpex-inline-flex\"><span class=\"vcex-bullets-icon-wrap vcex-icon-wrap wpex-mr-10\"><span class=\"vcex-bullets-icon vcex-icon wpex-icon\" aria-hidden=\"true\"><svg xmlns=\"http:\/\/www.w3.org\/2000\/svg\" viewBox=\"0 0 448 512\"><path d=\"M438.6 105.4c12.5 12.5 12.5 32.8 0 45.3l-256 256c-12.5 12.5-32.8 12.5-45.3 0l-128-128c-12.5-12.5-12.5-32.8 0-45.3s32.8-12.5 45.3 0L160 338.7 393.4 105.4c12.5-12.5 32.8-12.5 45.3 0z\"\/><\/svg><\/span><\/span><div class=\"vcex-content wpex-flex-grow\"><strong>Verzicht auf Einwegplastik<\/strong>: wiederverwendbare Wasserflaschen (BE WTR).<\/div><\/div><\/li>\n<li><div class=\"vcex-bullets-ci-wrap wpex-inline-flex\"><span class=\"vcex-bullets-icon-wrap vcex-icon-wrap wpex-mr-10\"><span class=\"vcex-bullets-icon vcex-icon wpex-icon\" aria-hidden=\"true\"><svg xmlns=\"http:\/\/www.w3.org\/2000\/svg\" viewBox=\"0 0 448 512\"><path d=\"M438.6 105.4c12.5 12.5 12.5 32.8 0 45.3l-256 256c-12.5 12.5-32.8 12.5-45.3 0l-128-128c-12.5-12.5-12.5-32.8 0-45.3s32.8-12.5 45.3 0L160 338.7 393.4 105.4c12.5-12.5 32.8-12.5 45.3 0z\"\/><\/svg><\/span><\/span><div class=\"vcex-content wpex-flex-grow\"><strong>Nachhaltige Kosmetikprodukte<\/strong>: wiederverwendbare \u201eNaturals Remedies\u201c-Flaschen von ADA Cosmetics, die den Plastikm\u00fcll reduzieren.<\/div><\/div><\/li>\n<li><div class=\"vcex-bullets-ci-wrap wpex-inline-flex\"><span class=\"vcex-bullets-icon-wrap vcex-icon-wrap wpex-mr-10\"><span class=\"vcex-bullets-icon vcex-icon wpex-icon\" aria-hidden=\"true\"><svg xmlns=\"http:\/\/www.w3.org\/2000\/svg\" viewBox=\"0 0 448 512\"><path d=\"M438.6 105.4c12.5 12.5 12.5 32.8 0 45.3l-256 256c-12.5 12.5-32.8 12.5-45.3 0l-128-128c-12.5-12.5-12.5-32.8 0-45.3s32.8-12.5 45.3 0L160 338.7 393.4 105.4c12.5-12.5 32.8-12.5 45.3 0z\"\/><\/svg><\/span><\/span><div class=\"vcex-content wpex-flex-grow\"><strong>Papierreduzierung<\/strong>: Digitalisierung der meisten unserer Kommunikationsmittel.<\/div><\/div><\/li>\n<li><div class=\"vcex-bullets-ci-wrap wpex-inline-flex\"><span class=\"vcex-bullets-icon-wrap vcex-icon-wrap wpex-mr-10\"><span class=\"vcex-bullets-icon vcex-icon wpex-icon\" aria-hidden=\"true\"><svg xmlns=\"http:\/\/www.w3.org\/2000\/svg\" viewBox=\"0 0 448 512\"><path d=\"M438.6 105.4c12.5 12.5 12.5 32.8 0 45.3l-256 256c-12.5 12.5-32.8 12.5-45.3 0l-128-128c-12.5-12.5-12.5-32.8 0-45.3s32.8-12.5 45.3 0L160 338.7 393.4 105.4c12.5-12.5 32.8-12.5 45.3 0z\"\/><\/svg><\/span><\/span><div class=\"vcex-content wpex-flex-grow\"><strong>Reduzierung des W\u00e4schewaschens<\/strong>: G\u00e4ste entscheiden, ob sie einen Wechsel der Bettw\u00e4sche oder Handt\u00fccher w\u00fcnschen, wodurch der Wasser- und Energieverbrauch reduziert wird.<\/div><\/div><\/li>\n<li><div class=\"vcex-bullets-ci-wrap wpex-inline-flex\"><span class=\"vcex-bullets-icon-wrap vcex-icon-wrap wpex-mr-10\"><span class=\"vcex-bullets-icon vcex-icon wpex-icon\" aria-hidden=\"true\"><svg xmlns=\"http:\/\/www.w3.org\/2000\/svg\" viewBox=\"0 0 448 512\"><path d=\"M438.6 105.4c12.5 12.5 12.5 32.8 0 45.3l-256 256c-12.5 12.5-32.8 12.5-45.3 0l-128-128c-12.5-12.5-12.5-32.8 0-45.3s32.8-12.5 45.3 0L160 338.7 393.4 105.4c12.5-12.5 32.8-12.5 45.3 0z\"\/><\/svg><\/span><\/span><div class=\"vcex-content wpex-flex-grow\"><strong>Biologisch abbaubare Reinigungsprodukte von Steinfels.<\/strong><\/div><\/div><\/li>\n<\/ul>\n<\/div>[\/vc_tta_section][vc_tta_section title=&#8220;Soziales&#8220; tab_id=&#8220;1753879362600-09fcd228-c688&#8243;]<style>.vcex-bullets.vcex_69d4cadbc7fd5 .vcex-bullets-icon{color:var(--wpex-palette-13-color);}<\/style><div class=\"vcex-module vcex-bullets vcex-bullets--vertical custom-icon vcex_69d4cadbc7fd5\">\n<ul role=\"list\">\n<li><div class=\"vcex-bullets-ci-wrap wpex-inline-flex\"><span class=\"vcex-bullets-icon-wrap vcex-icon-wrap wpex-mr-10\"><span class=\"vcex-bullets-icon vcex-icon wpex-icon\" aria-hidden=\"true\"><svg xmlns=\"http:\/\/www.w3.org\/2000\/svg\" viewBox=\"0 0 448 512\"><path d=\"M438.6 105.4c12.5 12.5 12.5 32.8 0 45.3l-256 256c-12.5 12.5-32.8 12.5-45.3 0l-128-128c-12.5-12.5-12.5-32.8 0-45.3s32.8-12.5 45.3 0L160 338.7 393.4 105.4c12.5-12.5 32.8-12.5 45.3 0z\"\/><\/svg><\/span><\/span><div class=\"vcex-content wpex-flex-grow\"><strong>Work-Life-Balance<\/strong>: Organisation der Arbeitszeiten und Urlaube unter Ber\u00fccksichtigung des Wohlbefindens der Teams.<\/div><\/div><\/li>\n<li><div class=\"vcex-bullets-ci-wrap wpex-inline-flex\"><span class=\"vcex-bullets-icon-wrap vcex-icon-wrap wpex-mr-10\"><span class=\"vcex-bullets-icon vcex-icon wpex-icon\" aria-hidden=\"true\"><svg xmlns=\"http:\/\/www.w3.org\/2000\/svg\" viewBox=\"0 0 448 512\"><path d=\"M438.6 105.4c12.5 12.5 12.5 32.8 0 45.3l-256 256c-12.5 12.5-32.8 12.5-45.3 0l-128-128c-12.5-12.5-12.5-32.8 0-45.3s32.8-12.5 45.3 0L160 338.7 393.4 105.4c12.5-12.5 32.8-12.5 45.3 0z\"\/><\/svg><\/span><\/span><div class=\"vcex-content wpex-flex-grow\"><strong>Pr\u00e4mien<\/strong>: Im Einklang mit den Unternehmenswerten erhalten unsere Mitarbeiter Pr\u00e4mien als Anerkennung f\u00fcr ihr Engagement und ihre Arbeit.<\/div><\/div><\/li>\n<li><div class=\"vcex-bullets-ci-wrap wpex-inline-flex\"><span class=\"vcex-bullets-icon-wrap vcex-icon-wrap wpex-mr-10\"><span class=\"vcex-bullets-icon vcex-icon wpex-icon\" aria-hidden=\"true\"><svg xmlns=\"http:\/\/www.w3.org\/2000\/svg\" viewBox=\"0 0 448 512\"><path d=\"M438.6 105.4c12.5 12.5 12.5 32.8 0 45.3l-256 256c-12.5 12.5-32.8 12.5-45.3 0l-128-128c-12.5-12.5-12.5-32.8 0-45.3s32.8-12.5 45.3 0L160 338.7 393.4 105.4c12.5-12.5 32.8-12.5 45.3 0z\"\/><\/svg><\/span><\/span><div class=\"vcex-content wpex-flex-grow\"><strong>Respekt aller Stakeholder<\/strong>: Kunden, Mitarbeiter und Lieferanten sind in einen globalen Nachhaltigkeitsansatz einbezogen.<\/div><\/div><\/li>\n<li><div class=\"vcex-bullets-ci-wrap wpex-inline-flex\"><span class=\"vcex-bullets-icon-wrap vcex-icon-wrap wpex-mr-10\"><span class=\"vcex-bullets-icon vcex-icon wpex-icon\" aria-hidden=\"true\"><svg xmlns=\"http:\/\/www.w3.org\/2000\/svg\" viewBox=\"0 0 448 512\"><path d=\"M438.6 105.4c12.5 12.5 12.5 32.8 0 45.3l-256 256c-12.5 12.5-32.8 12.5-45.3 0l-128-128c-12.5-12.5-12.5-32.8 0-45.3s32.8-12.5 45.3 0L160 338.7 393.4 105.4c12.5-12.5 32.8-12.5 45.3 0z\"\/><\/svg><\/span><\/span><div class=\"vcex-content wpex-flex-grow\"><strong>Wirtschaftliche Unterst\u00fctzung von Vereinen<\/strong>: PATOUCH und Fondation Theodora.<\/div><\/div><\/li>\n<\/ul>\n<\/div>[\/vc_tta_section][vc_tta_section title=&#8220;Label&#8220; tab_id=&#8220;1753879372201-a6bce0bf-b3a3&#8243;]<style>.vcex-bullets.vcex_69d4cadbc833a .vcex-bullets-icon{color:var(--wpex-palette-13-color);}<\/style><div class=\"vcex-module vcex-bullets vcex-bullets--vertical custom-icon vcex_69d4cadbc833a\">\n<ul role=\"list\">\n<li><div class=\"vcex-bullets-ci-wrap wpex-inline-flex\"><span class=\"vcex-bullets-icon-wrap vcex-icon-wrap wpex-mr-10\"><span class=\"vcex-bullets-icon vcex-icon wpex-icon\" aria-hidden=\"true\"><svg xmlns=\"http:\/\/www.w3.org\/2000\/svg\" viewBox=\"0 0 448 512\"><path d=\"M438.6 105.4c12.5 12.5 12.5 32.8 0 45.3l-256 256c-12.5 12.5-32.8 12.5-45.3 0l-128-128c-12.5-12.5-12.5-32.8 0-45.3s32.8-12.5 45.3 0L160 338.7 393.4 105.4c12.5-12.5 32.8-12.5 45.3 0z\"\/><\/svg><\/span><\/span><div class=\"vcex-content wpex-flex-grow\"><strong>Swisstainable<\/strong>: Wir nehmen am nationalen Nachhaltigkeitsprogramm teil. Das Programm vereint Akteure des Schweizer Tourismus, die sich f\u00fcr eine konkrete nachhaltige Entwicklung engagieren.<br \/>\n<a href=\"http:\/\/voyageurs.ch\/website\/wp-content\/uploads\/2025\/10\/2024-2025-Attestation-Swisstainable-II.pdf\" target=\"_blank\" rel=\"noopener\">Zertifikat anzeigen<\/a><br \/>\nMehr Informationen: <a href=\"https:\/\/switzerland.com\/de\/swisstainable\" target=\"_blank\" rel=\"noopener\">switzerland.com\/de\/swisstainable<\/a><\/div><\/div><\/li>\n<li><div class=\"vcex-bullets-ci-wrap wpex-inline-flex\"><span class=\"vcex-bullets-icon-wrap vcex-icon-wrap wpex-mr-10\"><span class=\"vcex-bullets-icon vcex-icon wpex-icon\" aria-hidden=\"true\"><svg xmlns=\"http:\/\/www.w3.org\/2000\/svg\" viewBox=\"0 0 448 512\"><path d=\"M438.6 105.4c12.5 12.5 12.5 32.8 0 45.3l-256 256c-12.5 12.5-32.8 12.5-45.3 0l-128-128c-12.5-12.5-12.5-32.8 0-45.3s32.8-12.5 45.3 0L160 338.7 393.4 105.4c12.5-12.5 32.8-12.5 45.3 0z\"\/><\/svg><\/span><\/span><div class=\"vcex-content wpex-flex-grow\">Wir haben die ESG2GO-Zertifizierung erhalten, nach einem Audit, das die drei S\u00e4ulen der Nachhaltigkeit abdeckt: <strong>sozial, \u00f6kologisch und unternehmerisch.<\/strong><br \/>\n<a href=\"http:\/\/voyageurs.ch\/website\/wp-content\/uploads\/2025\/10\/esg2go-Assurance-Statement_Hotel-des-Voyageu-rs-SA_2023.pdf\" target=\"_blank\" rel=\"noopener\">Zertifikat anzeigen<\/a><\/div><\/div><\/li>\n<\/ul>\n<\/div>[\/vc_tta_section][\/vc_tta_tabs][\/vc_column][vc_column width=&#8220;1\/4&#8243;]<style>.vcex-image.vcex_69d4cadbc88ec .vcex-image-inner{max-width:200px;}<\/style><figure class=\"vcex-image vcex-module wpex-text-center vcex_69d4cadbc88ec\"><div class=\"vcex-image-inner wpex-relative wpex-inline-block\"><img width=\"817\" height=\"817\" src=\"https:\/\/voyageurs.ch\/website\/wp-content\/uploads\/2025\/07\/125_20q_01_swisstainable_2_engaged_RGB.png\" class=\"vcex-image-img wpex-align-middle\" alt=\"\" loading=\"lazy\" decoding=\"async\" srcset=\"https:\/\/voyageurs.ch\/website\/wp-content\/uploads\/2025\/07\/125_20q_01_swisstainable_2_engaged_RGB.png 817w, https:\/\/voyageurs.ch\/website\/wp-content\/uploads\/2025\/07\/125_20q_01_swisstainable_2_engaged_RGB-300x300.png 300w, https:\/\/voyageurs.ch\/website\/wp-content\/uploads\/2025\/07\/125_20q_01_swisstainable_2_engaged_RGB-150x150.png 150w, https:\/\/voyageurs.ch\/website\/wp-content\/uploads\/2025\/07\/125_20q_01_swisstainable_2_engaged_RGB-768x768.png 768w, https:\/\/voyageurs.ch\/website\/wp-content\/uploads\/2025\/07\/125_20q_01_swisstainable_2_engaged_RGB-120x120.png 120w, https:\/\/voyageurs.ch\/website\/wp-content\/uploads\/2025\/07\/125_20q_01_swisstainable_2_engaged_RGB-100x100.png 100w\" sizes=\"auto, (max-width: 817px) 100vw, 817px\" \/><\/div><\/figure>[\/vc_column][\/vc_row][vc_row content_placement=&#8220;bottom&#8220;][vc_column width=&#8220;1\/2&#8243; offset=&#8220;vc_col-lg-5&#8243;]<figure class=\"vcex-image vcex-module\"><div class=\"vcex-image-inner wpex-relative wpex-inline-block\"><img width=\"1365\" height=\"2048\" src=\"https:\/\/voyageurs.ch\/website\/wp-content\/uploads\/2025\/07\/HOTELDESVOYAGEURS_250412_0224.jpg\" class=\"vcex-image-img wpex-align-middle\" alt=\"\" loading=\"lazy\" decoding=\"async\" srcset=\"https:\/\/voyageurs.ch\/website\/wp-content\/uploads\/2025\/07\/HOTELDESVOYAGEURS_250412_0224.jpg 1365w, https:\/\/voyageurs.ch\/website\/wp-content\/uploads\/2025\/07\/HOTELDESVOYAGEURS_250412_0224-200x300.jpg 200w, https:\/\/voyageurs.ch\/website\/wp-content\/uploads\/2025\/07\/HOTELDESVOYAGEURS_250412_0224-683x1024.jpg 683w, https:\/\/voyageurs.ch\/website\/wp-content\/uploads\/2025\/07\/HOTELDESVOYAGEURS_250412_0224-768x1152.jpg 768w, https:\/\/voyageurs.ch\/website\/wp-content\/uploads\/2025\/07\/HOTELDESVOYAGEURS_250412_0224-1024x1536.jpg 1024w\" sizes=\"auto, (max-width: 1365px) 100vw, 1365px\" \/><\/div><\/figure>[\/vc_column][vc_column width=&#8220;1\/2&#8243; offset=&#8220;vc_col-lg-offset-2 vc_col-lg-4&#8243;]<figure class=\"vcex-image vcex-module\"><div class=\"vcex-image-inner wpex-relative wpex-inline-block\"><img width=\"1365\" height=\"2048\" src=\"https:\/\/voyageurs.ch\/website\/wp-content\/uploads\/2025\/07\/HOTELDESVOYAGEURS_250412_0351.jpg\" class=\"vcex-image-img wpex-align-middle\" alt=\"\" loading=\"lazy\" decoding=\"async\" srcset=\"https:\/\/voyageurs.ch\/website\/wp-content\/uploads\/2025\/07\/HOTELDESVOYAGEURS_250412_0351.jpg 1365w, https:\/\/voyageurs.ch\/website\/wp-content\/uploads\/2025\/07\/HOTELDESVOYAGEURS_250412_0351-200x300.jpg 200w, https:\/\/voyageurs.ch\/website\/wp-content\/uploads\/2025\/07\/HOTELDESVOYAGEURS_250412_0351-683x1024.jpg 683w, https:\/\/voyageurs.ch\/website\/wp-content\/uploads\/2025\/07\/HOTELDESVOYAGEURS_250412_0351-768x1152.jpg 768w, https:\/\/voyageurs.ch\/website\/wp-content\/uploads\/2025\/07\/HOTELDESVOYAGEURS_250412_0351-1024x1536.jpg 1024w\" sizes=\"auto, (max-width: 1365px) 100vw, 1365px\" \/><\/div><\/figure>[\/vc_column][\/vc_row][vc_row][vc_column width=&#8220;1\/2&#8243; offset=&#8220;vc_col-lg-offset-3 vc_col-lg-4&#8243;]<figure class=\"vcex-image vcex-module\"><div class=\"vcex-image-inner wpex-relative wpex-inline-block\"><img width=\"1365\" height=\"2048\" src=\"https:\/\/voyageurs.ch\/website\/wp-content\/uploads\/2025\/07\/HOTELDESVOYAGEURS_250412_0356.jpg\" class=\"vcex-image-img wpex-align-middle\" alt=\"\" loading=\"lazy\" decoding=\"async\" srcset=\"https:\/\/voyageurs.ch\/website\/wp-content\/uploads\/2025\/07\/HOTELDESVOYAGEURS_250412_0356.jpg 1365w, https:\/\/voyageurs.ch\/website\/wp-content\/uploads\/2025\/07\/HOTELDESVOYAGEURS_250412_0356-200x300.jpg 200w, https:\/\/voyageurs.ch\/website\/wp-content\/uploads\/2025\/07\/HOTELDESVOYAGEURS_250412_0356-683x1024.jpg 683w, https:\/\/voyageurs.ch\/website\/wp-content\/uploads\/2025\/07\/HOTELDESVOYAGEURS_250412_0356-768x1152.jpg 768w, https:\/\/voyageurs.ch\/website\/wp-content\/uploads\/2025\/07\/HOTELDESVOYAGEURS_250412_0356-1024x1536.jpg 1024w\" sizes=\"auto, (max-width: 1365px) 100vw, 1365px\" \/><\/div><\/figure>[\/vc_column][\/vc_row]\n<\/div>","protected":false},"excerpt":{"rendered":"<p>[vc_row full_width=&#8220;stretch_row_content_no_spaces&#8220; content_placement=&#8220;middle&#8220; css=&#8220;.vc_custom_1753889145925{background-image: url(http:\/\/voyageurs.ch\/website\/wp-content\/uploads\/2025\/07\/HOTELDESVOYAGEURS_250412_0221.jpg?id=624) !important;background-position: center !important;background-repeat: no-repeat !important;background-size: cover !important;}&#8220; min_height=&#8220;600px&#8220; wpex_bg_overlay=&#8220;color&#8220; wpex_bg_overlay_blend=&#8220;multiply&#8220; wpex_bg_overlay_color=&#8220;palette-13&#8243; wpex_bg_overlay_opacity=&#8220;30%&#8220;][vc_column][vc_row_inner content_placement=&#8220;bottom&#8220;][vc_column_inner offset=&#8220;vc_col-lg-offset-2 vc_col-lg-8 vc_col-md-offset-1 vc_col-md-10&#8243;][vc_column_text css=&#8220;&#8220; color=&#8220;#ffffff&#8220; font_family=&#8220;palast-variable&#8220; text_align=&#8220;center&#8220; font_size=&#8220;d:1em|pp:0.8em&#8220; el_class=&#8220;ombrePorteeText&#8220;] Mit Sorgfalt und Verantwortung empfangen. [\/vc_column_text][\/vc_column_inner][\/vc_row_inner][\/vc_column][\/vc_row][vc_row][vc_column][vc_raw_html]PGRpdiBpZD0ic2ItY29udGFpbmVyIj48ZGl2IGNsYXNzPSJib29raW5nUGxhY2Vob2xkZXIiPkJ1Y2h1bmdzbW9kdWw8L2Rpdj48L2Rpdj4=[\/vc_raw_html][\/vc_column][\/vc_row][vc_row][vc_column offset=&#8220;vc_col-lg-offset-2 vc_col-lg-8 vc_col-md-offset-1 vc_col-md-10&#8243;][vc_column_text css=&#8220;&#8220; text_align=&#8220;center&#8220; color=&#8220;accent&#8220;] Unser Engagement Das H\u00f4tel des Voyageurs engagiert sich voll und ganz f\u00fcr einen verantwortungsvollen&hellip;<\/p>\n","protected":false},"author":1,"featured_media":0,"parent":0,"menu_order":0,"comment_status":"closed","ping_status":"open","template":"","meta":{"footnotes":""},"class_list":["post-1300","page","type-page","status-publish","hentry","entry","no-media"],"_links":{"self":[{"href":"https:\/\/voyageurs.ch\/de\/wp-json\/wp\/v2\/pages\/1300","targetHints":{"allow":["GET"]}}],"collection":[{"href":"https:\/\/voyageurs.ch\/de\/wp-json\/wp\/v2\/pages"}],"about":[{"href":"https:\/\/voyageurs.ch\/de\/wp-json\/wp\/v2\/types\/page"}],"author":[{"embeddable":true,"href":"https:\/\/voyageurs.ch\/de\/wp-json\/wp\/v2\/users\/1"}],"replies":[{"embeddable":true,"href":"https:\/\/voyageurs.ch\/de\/wp-json\/wp\/v2\/comments?post=1300"}],"version-history":[{"count":7,"href":"https:\/\/voyageurs.ch\/de\/wp-json\/wp\/v2\/pages\/1300\/revisions"}],"predecessor-version":[{"id":1776,"href":"https:\/\/voyageurs.ch\/de\/wp-json\/wp\/v2\/pages\/1300\/revisions\/1776"}],"wp:attachment":[{"href":"https:\/\/voyageurs.ch\/de\/wp-json\/wp\/v2\/media?parent=1300"}],"curies":[{"name":"wp","href":"https:\/\/api.w.org\/{rel}","templated":true}]}}