{"id":1326,"date":"2024-04-04T12:28:15","date_gmt":"2024-04-04T10:28:15","guid":{"rendered":"http:\/\/prod.voyageurs.ch\/website\/fitness\/"},"modified":"2025-10-01T17:32:27","modified_gmt":"2025-10-01T15:32:27","slug":"fitness","status":"publish","type":"page","link":"https:\/\/voyageurs.ch\/de\/fitness\/","title":{"rendered":"Fitness"},"content":{"rendered":"<div class=\"wpb-content-wrapper\">[vc_row full_width=&#8220;stretch_row_content_no_spaces&#8220; content_placement=&#8220;middle&#8220; css=&#8220;.vc_custom_1753283299286{background-image: url(http:\/\/voyageurs.ch\/website\/wp-content\/uploads\/2025\/07\/HOTELDESVOYAGEURS_250412_0396.jpg?id=685) !important;background-position: center !important;background-repeat: no-repeat !important;background-size: cover !important;}&#8220; min_height=&#8220;600px&#8220;][vc_column]<style>.vcex-image.vcex_69d0633490f98 .vcex-image-inner{max-width:350px;}<\/style><figure class=\"vcex-image vcex-module wpex-text-center logoHome vcex_69d0633490f98\"><div class=\"vcex-image-inner wpex-relative wpex-inline-block vc_custom_1758278488528\"><a href=\"https:\/\/voyageurs.ch\/de\/\"><img width=\"1000\" height=\"477\" src=\"https:\/\/voyageurs.ch\/website\/wp-content\/uploads\/2024\/04\/Hotel-des-voyageurs-logoBlanc2.png\" class=\"vcex-image-img wpex-align-middle skip-lazy\" alt=\"H\u00f4tel des Voyageurs\" data-no-lazy=\"1\" srcset=\"https:\/\/voyageurs.ch\/website\/wp-content\/uploads\/2024\/04\/Hotel-des-voyageurs-logoBlanc2.png 1000w, https:\/\/voyageurs.ch\/website\/wp-content\/uploads\/2024\/04\/Hotel-des-voyageurs-logoBlanc2-300x143.png 300w, https:\/\/voyageurs.ch\/website\/wp-content\/uploads\/2024\/04\/Hotel-des-voyageurs-logoBlanc2-768x366.png 768w\" sizes=\"(max-width: 1000px) 100vw, 1000px\" \/><\/a><\/div><\/figure><div class=\"vcex-spacing wpex-w-100 wpex-clear\" style=\"height:10vh;\"><\/div>[vc_row_inner content_placement=&#8220;bottom&#8220;][vc_column_inner offset=&#8220;vc_col-lg-offset-2 vc_col-lg-8 vc_col-md-offset-1 vc_col-md-10&#8243;][vc_column_text css=&#8220;&#8220; color=&#8220;#ffffff&#8220; font_family=&#8220;palast-variable&#8220; text_align=&#8220;center&#8220; font_size=&#8220;d:1em|pp:0.8em&#8220; el_class=&#8220;ombrePorteeText&#8220;]\n<h1>Ein Raum, der Ihrem Wohlbefinden gewidmet ist, zwischen Anstrengung und Gelassenheit. Ein diskreter und heller Ort, um sich zu bewegen, zu atmen und sich neu zu zentrieren.<\/h1>\n[\/vc_column_text]<div class=\"vcex-spacing wpex-w-100 wpex-clear\" style=\"height:10vh;\"><\/div>[\/vc_column_inner][\/vc_row_inner][\/vc_column][\/vc_row][vc_row][vc_column][vc_raw_html]PGRpdiBpZD0ic2ItY29udGFpbmVyIj48ZGl2IGNsYXNzPSJib29raW5nUGxhY2Vob2xkZXIiPkJ1Y2h1bmdzbW9kdWw8L2Rpdj48L2Rpdj4=[\/vc_raw_html][\/vc_column][\/vc_row][vc_row][vc_column offset=&#8220;vc_col-lg-offset-2 vc_col-lg-8 vc_col-md-offset-1 vc_col-md-10&#8243;][vc_column_text css=&#8220;&#8220; text_align=&#8220;center&#8220; color=&#8220;accent&#8220;]\n<h1>Ein Fitnessbereich f\u00fcr Ihre Fitness<\/h1>\n<p>M\u00f6chten Sie sich vor dem Ausgehen in Form bringen oder den Tag gut beginnen?<br \/>\nUnser neuer Fitnessbereich, der ausschlie\u00dflich Hotelg\u00e4sten vorbehalten ist, empf\u00e4ngt Sie in einer ruhigen und funktionalen Umgebung. Er ist mit \u201eTECHNOGYM\u201c-Cardio-Trainingsger\u00e4ten (Laufband, Crosstrainer und Fahrrad), einer Kraftbank, freien Gewichten und einem Bereich f\u00fcr Dehn\u00fcbungen ausgestattet. Alles, was Sie brauchen, um sich in Ihrem eigenen Tempo und mit Leichtigkeit zu bewegen.[\/vc_column_text]<div class=\"vcex-spacing wpex-w-100 wpex-clear\" style=\"height:50px;\"><\/div>[\/vc_column][\/vc_row][vc_row content_placement=&#8220;middle&#8220;][vc_column width=&#8220;1\/2&#8243; offset=&#8220;vc_col-lg-offset-2 vc_col-lg-3&#8243;]<style>.vcex-image.vcex_69d0633491e66 .vcex-image-inner{max-width:600px;}<\/style><figure class=\"vcex-image vcex-module vcex_69d0633491e66\"><div class=\"vcex-image-inner wpex-relative wpex-inline-block\"><img width=\"1365\" height=\"2048\" src=\"https:\/\/voyageurs.ch\/website\/wp-content\/uploads\/2025\/07\/HOTELDESVOYAGEURS_250412_0388.jpg\" class=\"vcex-image-img wpex-align-middle\" alt=\"\" loading=\"lazy\" decoding=\"async\" srcset=\"https:\/\/voyageurs.ch\/website\/wp-content\/uploads\/2025\/07\/HOTELDESVOYAGEURS_250412_0388.jpg 1365w, https:\/\/voyageurs.ch\/website\/wp-content\/uploads\/2025\/07\/HOTELDESVOYAGEURS_250412_0388-200x300.jpg 200w, https:\/\/voyageurs.ch\/website\/wp-content\/uploads\/2025\/07\/HOTELDESVOYAGEURS_250412_0388-683x1024.jpg 683w, https:\/\/voyageurs.ch\/website\/wp-content\/uploads\/2025\/07\/HOTELDESVOYAGEURS_250412_0388-768x1152.jpg 768w, https:\/\/voyageurs.ch\/website\/wp-content\/uploads\/2025\/07\/HOTELDESVOYAGEURS_250412_0388-1024x1536.jpg 1024w\" sizes=\"auto, (max-width: 1365px) 100vw, 1365px\" \/><\/div><\/figure>[\/vc_column][vc_column width=&#8220;1\/2&#8243; offset=&#8220;vc_col-lg-offset-2 vc_col-lg-4 vc_col-xs-11&#8243; el_class=&#8220;serviceslist&#8220; css=&#8220;.vc_custom_1755849734210{margin-left: 15px !important;border-top-width: 1px !important;border-right-width: 1px !important;border-bottom-width: 1px !important;border-left-width: 1px !important;padding-top: 15px !important;padding-right: 15px !important;padding-bottom: 15px !important;padding-left: 15px !important;border-left-style: solid !important;border-right-style: solid !important;border-top-style: solid !important;border-bottom-style: solid !important;border-color: #2C4F65 !important;}&#8220;][vc_column_text css=&#8220;&#8220; text_align=&#8220;left&#8220;]T\u00e4glich ge\u00f6ffnet: 7 bis 21 Uhr<br \/>\nKostenlos f\u00fcr G\u00e4ste<br \/>\nAnmeldung erforderlich<br \/>\nMaximal 2 Personen[\/vc_column_text][\/vc_column][\/vc_row][vc_row content_placement=&#8220;middle&#8220;][vc_column width=&#8220;1\/2&#8243; offset=&#8220;vc_col-lg-6&#8243;]<figure class=\"vcex-image vcex-module\"><div class=\"vcex-image-inner wpex-relative wpex-inline-block\"><img width=\"2048\" height=\"1365\" src=\"https:\/\/voyageurs.ch\/website\/wp-content\/uploads\/2025\/07\/HOTELDESVOYAGEURS_250412_0405.jpg\" class=\"vcex-image-img wpex-align-middle\" alt=\"\" loading=\"lazy\" decoding=\"async\" srcset=\"https:\/\/voyageurs.ch\/website\/wp-content\/uploads\/2025\/07\/HOTELDESVOYAGEURS_250412_0405.jpg 2048w, https:\/\/voyageurs.ch\/website\/wp-content\/uploads\/2025\/07\/HOTELDESVOYAGEURS_250412_0405-300x200.jpg 300w, https:\/\/voyageurs.ch\/website\/wp-content\/uploads\/2025\/07\/HOTELDESVOYAGEURS_250412_0405-1024x683.jpg 1024w, https:\/\/voyageurs.ch\/website\/wp-content\/uploads\/2025\/07\/HOTELDESVOYAGEURS_250412_0405-768x512.jpg 768w, https:\/\/voyageurs.ch\/website\/wp-content\/uploads\/2025\/07\/HOTELDESVOYAGEURS_250412_0405-1536x1024.jpg 1536w\" sizes=\"auto, (max-width: 2048px) 100vw, 2048px\" \/><\/div><\/figure>[\/vc_column][vc_column width=&#8220;1\/2&#8243; offset=&#8220;vc_col-lg-offset-1 vc_col-lg-4&#8243;]<figure class=\"vcex-image vcex-module\"><div class=\"vcex-image-inner wpex-relative wpex-inline-block\"><img width=\"1365\" height=\"2048\" src=\"https:\/\/voyageurs.ch\/website\/wp-content\/uploads\/2025\/07\/HOTELDESVOYAGEURS_250412_0392.jpg\" class=\"vcex-image-img wpex-align-middle\" alt=\"\" loading=\"lazy\" decoding=\"async\" srcset=\"https:\/\/voyageurs.ch\/website\/wp-content\/uploads\/2025\/07\/HOTELDESVOYAGEURS_250412_0392.jpg 1365w, https:\/\/voyageurs.ch\/website\/wp-content\/uploads\/2025\/07\/HOTELDESVOYAGEURS_250412_0392-200x300.jpg 200w, https:\/\/voyageurs.ch\/website\/wp-content\/uploads\/2025\/07\/HOTELDESVOYAGEURS_250412_0392-683x1024.jpg 683w, https:\/\/voyageurs.ch\/website\/wp-content\/uploads\/2025\/07\/HOTELDESVOYAGEURS_250412_0392-768x1152.jpg 768w, https:\/\/voyageurs.ch\/website\/wp-content\/uploads\/2025\/07\/HOTELDESVOYAGEURS_250412_0392-1024x1536.jpg 1024w\" sizes=\"auto, (max-width: 1365px) 100vw, 1365px\" \/><\/div><\/figure>[\/vc_column][\/vc_row][vc_row][vc_column width=&#8220;7\/12&#8243; offset=&#8220;vc_col-lg-offset-2&#8243;]<div class=\"vcex-spacing wpex-w-100 wpex-clear\" style=\"height:30px;\"><\/div><figure class=\"vcex-image vcex-module\"><div class=\"vcex-image-inner wpex-relative wpex-inline-block\"><img width=\"2048\" height=\"1365\" src=\"https:\/\/voyageurs.ch\/website\/wp-content\/uploads\/2025\/10\/HOTELDESVOYAGEURS_250412_0072.jpg\" class=\"vcex-image-img wpex-align-middle\" alt=\"\" loading=\"lazy\" decoding=\"async\" srcset=\"https:\/\/voyageurs.ch\/website\/wp-content\/uploads\/2025\/10\/HOTELDESVOYAGEURS_250412_0072.jpg 2048w, https:\/\/voyageurs.ch\/website\/wp-content\/uploads\/2025\/10\/HOTELDESVOYAGEURS_250412_0072-300x200.jpg 300w, https:\/\/voyageurs.ch\/website\/wp-content\/uploads\/2025\/10\/HOTELDESVOYAGEURS_250412_0072-1024x683.jpg 1024w, https:\/\/voyageurs.ch\/website\/wp-content\/uploads\/2025\/10\/HOTELDESVOYAGEURS_250412_0072-768x512.jpg 768w, https:\/\/voyageurs.ch\/website\/wp-content\/uploads\/2025\/10\/HOTELDESVOYAGEURS_250412_0072-1536x1024.jpg 1536w\" sizes=\"auto, (max-width: 2048px) 100vw, 2048px\" \/><\/div><\/figure>[\/vc_column][\/vc_row][vc_row full_width=&#8220;stretch_row_content_no_spaces&#8220; disable_element=&#8220;yes&#8220;][vc_column]<div class=\"vcex-spacing wpex-w-100 wpex-clear\" style=\"height:100px;\"><\/div><div class=\"vcex-image-carousel wpex-carousel wpex-carousel-images wpex-clr vcex-module owl-carousel wpex-carousel-items-center arrwstyle-min arrwpos-abs\" data-wpex-carousel=\"{&quot;dots&quot;:&quot;true&quot;,&quot;center&quot;:&quot;true&quot;,&quot;slideBy&quot;:1,&quot;items&quot;:4,&quot;responsive&quot;:{&quot;0&quot;:{&quot;items&quot;:&quot;1&quot;},&quot;480&quot;:{&quot;items&quot;:&quot;2&quot;},&quot;768&quot;:{&quot;items&quot;:&quot;3&quot;},&quot;960&quot;:{&quot;items&quot;:4}},&quot;autoWidth&quot;:&quot;true&quot;}\"><div class=\"wpex-carousel-slide\"><figure class=\"wpex-carousel-entry-media entry-media wpex-relative wpex-mb-20\"><img data-no-lazy=\"1\" class=\"wpex-align-middle skip-lazy\" src=\"https:\/\/voyageurs.ch\/website\/wp-content\/uploads\/2024\/04\/pierre-raphoz_-30-scaled-600x400.jpg\" alt=\"\" srcset=\"https:\/\/voyageurs.ch\/website\/wp-content\/uploads\/2024\/04\/pierre-raphoz_-30-scaled-600x400.jpg 600w, https:\/\/voyageurs.ch\/website\/wp-content\/uploads\/2024\/04\/pierre-raphoz_-30-300x200.jpg 300w, https:\/\/voyageurs.ch\/website\/wp-content\/uploads\/2024\/04\/pierre-raphoz_-30-1024x683.jpg 1024w, https:\/\/voyageurs.ch\/website\/wp-content\/uploads\/2024\/04\/pierre-raphoz_-30-768x512.jpg 768w, https:\/\/voyageurs.ch\/website\/wp-content\/uploads\/2024\/04\/pierre-raphoz_-30-1536x1024.jpg 1536w, https:\/\/voyageurs.ch\/website\/wp-content\/uploads\/2024\/04\/pierre-raphoz_-30-2048x1365.jpg 2048w\" width=\"600\" height=\"400\"><\/figure><\/div><div class=\"wpex-carousel-slide\"><figure class=\"wpex-carousel-entry-media entry-media wpex-relative wpex-mb-20\"><img data-no-lazy=\"1\" class=\"wpex-align-middle skip-lazy\" src=\"https:\/\/voyageurs.ch\/website\/wp-content\/uploads\/2024\/04\/pierre-raphoz_-33-scaled-600x400.jpg\" alt=\"\" srcset=\"https:\/\/voyageurs.ch\/website\/wp-content\/uploads\/2024\/04\/pierre-raphoz_-33-scaled-600x400.jpg 600w, https:\/\/voyageurs.ch\/website\/wp-content\/uploads\/2024\/04\/pierre-raphoz_-33-300x200.jpg 300w, https:\/\/voyageurs.ch\/website\/wp-content\/uploads\/2024\/04\/pierre-raphoz_-33-1024x683.jpg 1024w, https:\/\/voyageurs.ch\/website\/wp-content\/uploads\/2024\/04\/pierre-raphoz_-33-768x512.jpg 768w, https:\/\/voyageurs.ch\/website\/wp-content\/uploads\/2024\/04\/pierre-raphoz_-33-1536x1024.jpg 1536w, https:\/\/voyageurs.ch\/website\/wp-content\/uploads\/2024\/04\/pierre-raphoz_-33-2048x1365.jpg 2048w\" width=\"600\" height=\"400\"><\/figure><\/div><div class=\"wpex-carousel-slide\"><figure class=\"wpex-carousel-entry-media entry-media wpex-relative wpex-mb-20\"><img data-no-lazy=\"1\" class=\"wpex-align-middle skip-lazy\" src=\"https:\/\/voyageurs.ch\/website\/wp-content\/uploads\/2024\/04\/pierre-raphoz_-39-scaled-267x400.jpg\" alt=\"\" srcset=\"https:\/\/voyageurs.ch\/website\/wp-content\/uploads\/2024\/04\/pierre-raphoz_-39-scaled-267x400.jpg 267w, https:\/\/voyageurs.ch\/website\/wp-content\/uploads\/2024\/04\/pierre-raphoz_-39-200x300.jpg 200w, https:\/\/voyageurs.ch\/website\/wp-content\/uploads\/2024\/04\/pierre-raphoz_-39-683x1024.jpg 683w, https:\/\/voyageurs.ch\/website\/wp-content\/uploads\/2024\/04\/pierre-raphoz_-39-768x1152.jpg 768w, https:\/\/voyageurs.ch\/website\/wp-content\/uploads\/2024\/04\/pierre-raphoz_-39-1024x1536.jpg 1024w, https:\/\/voyageurs.ch\/website\/wp-content\/uploads\/2024\/04\/pierre-raphoz_-39-1365x2048.jpg 1365w, https:\/\/voyageurs.ch\/website\/wp-content\/uploads\/2024\/04\/pierre-raphoz_-39-scaled.jpg 1707w\" width=\"267\" height=\"400\"><\/figure><\/div><div class=\"wpex-carousel-slide\"><figure class=\"wpex-carousel-entry-media entry-media wpex-relative wpex-mb-20\"><img data-no-lazy=\"1\" class=\"wpex-align-middle skip-lazy\" src=\"https:\/\/voyageurs.ch\/website\/wp-content\/uploads\/2024\/04\/chambre-classic-29-600x400.jpg\" alt=\"\" srcset=\"https:\/\/voyageurs.ch\/website\/wp-content\/uploads\/2024\/04\/chambre-classic-29-600x400.jpg 600w, https:\/\/voyageurs.ch\/website\/wp-content\/uploads\/2024\/04\/chambre-classic-29-300x200.jpg 300w, https:\/\/voyageurs.ch\/website\/wp-content\/uploads\/2024\/04\/chambre-classic-29-768x512.jpg 768w, https:\/\/voyageurs.ch\/website\/wp-content\/uploads\/2024\/04\/chambre-classic-29.jpg 1000w\" width=\"600\" height=\"400\"><\/figure><\/div><div class=\"wpex-carousel-slide\"><figure class=\"wpex-carousel-entry-media entry-media wpex-relative wpex-mb-20\"><img data-no-lazy=\"1\" class=\"wpex-align-middle skip-lazy\" src=\"https:\/\/voyageurs.ch\/website\/wp-content\/uploads\/2024\/04\/hotel-des-voyageurs-fitness-533x400.jpg\" alt=\"\" srcset=\"https:\/\/voyageurs.ch\/website\/wp-content\/uploads\/2024\/04\/hotel-des-voyageurs-fitness-533x400.jpg 533w, https:\/\/voyageurs.ch\/website\/wp-content\/uploads\/2024\/04\/hotel-des-voyageurs-fitness-300x225.jpg 300w, https:\/\/voyageurs.ch\/website\/wp-content\/uploads\/2024\/04\/hotel-des-voyageurs-fitness-1024x768.jpg 1024w, https:\/\/voyageurs.ch\/website\/wp-content\/uploads\/2024\/04\/hotel-des-voyageurs-fitness-768x576.jpg 768w, https:\/\/voyageurs.ch\/website\/wp-content\/uploads\/2024\/04\/hotel-des-voyageurs-fitness-400x300.jpg 400w, https:\/\/voyageurs.ch\/website\/wp-content\/uploads\/2024\/04\/hotel-des-voyageurs-fitness.jpg 1200w\" width=\"533\" height=\"400\"><\/figure><\/div><\/div><div class=\"vcex-spacing wpex-w-100 wpex-clear\" style=\"height:100px;\"><\/div>[\/vc_column][\/vc_row]\n<\/div>","protected":false},"excerpt":{"rendered":"<p>[vc_row full_width=&#8220;stretch_row_content_no_spaces&#8220; content_placement=&#8220;middle&#8220; css=&#8220;.vc_custom_1753283299286{background-image: url(http:\/\/voyageurs.ch\/website\/wp-content\/uploads\/2025\/07\/HOTELDESVOYAGEURS_250412_0396.jpg?id=685) !important;background-position: center !important;background-repeat: no-repeat !important;background-size: cover !important;}&#8220; min_height=&#8220;600px&#8220;][vc_column][vc_row_inner content_placement=&#8220;bottom&#8220;][vc_column_inner offset=&#8220;vc_col-lg-offset-2 vc_col-lg-8 vc_col-md-offset-1 vc_col-md-10&#8243;][vc_column_text css=&#8220;&#8220; color=&#8220;#ffffff&#8220; font_family=&#8220;palast-variable&#8220; text_align=&#8220;center&#8220; font_size=&#8220;d:1em|pp:0.8em&#8220; el_class=&#8220;ombrePorteeText&#8220;] Ein Raum, der Ihrem Wohlbefinden gewidmet ist, zwischen Anstrengung und Gelassenheit. Ein diskreter und heller Ort, um sich zu bewegen, zu atmen und sich neu zu zentrieren. [\/vc_column_text][\/vc_column_inner][\/vc_row_inner][\/vc_column][\/vc_row][vc_row][vc_column][vc_raw_html]PGRpdiBpZD0ic2ItY29udGFpbmVyIj48ZGl2IGNsYXNzPSJib29raW5nUGxhY2Vob2xkZXIiPkJ1Y2h1bmdzbW9kdWw8L2Rpdj48L2Rpdj4=[\/vc_raw_html][\/vc_column][\/vc_row][vc_row][vc_column offset=&#8220;vc_col-lg-offset-2 vc_col-lg-8 vc_col-md-offset-1&hellip;<\/p>\n","protected":false},"author":1,"featured_media":0,"parent":0,"menu_order":0,"comment_status":"closed","ping_status":"open","template":"","meta":{"footnotes":""},"class_list":["post-1326","page","type-page","status-publish","hentry","entry","no-media"],"_links":{"self":[{"href":"https:\/\/voyageurs.ch\/de\/wp-json\/wp\/v2\/pages\/1326","targetHints":{"allow":["GET"]}}],"collection":[{"href":"https:\/\/voyageurs.ch\/de\/wp-json\/wp\/v2\/pages"}],"about":[{"href":"https:\/\/voyageurs.ch\/de\/wp-json\/wp\/v2\/types\/page"}],"author":[{"embeddable":true,"href":"https:\/\/voyageurs.ch\/de\/wp-json\/wp\/v2\/users\/1"}],"replies":[{"embeddable":true,"href":"https:\/\/voyageurs.ch\/de\/wp-json\/wp\/v2\/comments?post=1326"}],"version-history":[{"count":2,"href":"https:\/\/voyageurs.ch\/de\/wp-json\/wp\/v2\/pages\/1326\/revisions"}],"predecessor-version":[{"id":1340,"href":"https:\/\/voyageurs.ch\/de\/wp-json\/wp\/v2\/pages\/1326\/revisions\/1340"}],"wp:attachment":[{"href":"https:\/\/voyageurs.ch\/de\/wp-json\/wp\/v2\/media?parent=1326"}],"curies":[{"name":"wp","href":"https:\/\/api.w.org\/{rel}","templated":true}]}}