{"id":1373,"date":"2024-04-04T14:29:51","date_gmt":"2024-04-04T12:29:51","guid":{"rendered":"http:\/\/prod.voyageurs.ch\/website\/dienstleistungen\/"},"modified":"2026-03-19T15:08:49","modified_gmt":"2026-03-19T14:08:49","slug":"dienstleistungen","status":"publish","type":"page","link":"https:\/\/voyageurs.ch\/de\/dienstleistungen\/","title":{"rendered":"Dienstleistungen"},"content":{"rendered":"<div class=\"wpb-content-wrapper\">[vc_row full_width=&#8220;stretch_row_content_no_spaces&#8220; content_placement=&#8220;middle&#8220; css=&#8220;.vc_custom_1765469219903{background-image: url(https:\/\/voyageurs.ch\/website\/wp-content\/uploads\/2025\/08\/HOTELDESVOYAGEURS_250412_0374_retouche.jpg?id=984) !important;background-position: center !important;background-repeat: no-repeat !important;background-size: cover !important;}&#8220; min_height=&#8220;600px&#8220; wpex_bg_overlay=&#8220;color&#8220; wpex_bg_overlay_blend=&#8220;multiply&#8220; wpex_bg_overlay_color=&#8220;palette-13&#8243; wpex_bg_overlay_opacity=&#8220;20%&#8220; wpex_bg_position=&#8220;top center&#8220;][vc_column]<style>.vcex-image.vcex_69d062fd34dfb .vcex-image-inner{max-width:350px;}<\/style><figure class=\"vcex-image vcex-module wpex-text-center logoHome vcex_69d062fd34dfb\"><div class=\"vcex-image-inner wpex-relative wpex-inline-block vc_custom_1758278522207\"><a href=\"https:\/\/voyageurs.ch\/de\/\"><img width=\"1000\" height=\"477\" src=\"https:\/\/voyageurs.ch\/website\/wp-content\/uploads\/2024\/04\/Hotel-des-voyageurs-logoBlanc2.png\" class=\"vcex-image-img wpex-align-middle skip-lazy\" alt=\"H\u00f4tel des Voyageurs\" data-no-lazy=\"1\" srcset=\"https:\/\/voyageurs.ch\/website\/wp-content\/uploads\/2024\/04\/Hotel-des-voyageurs-logoBlanc2.png 1000w, https:\/\/voyageurs.ch\/website\/wp-content\/uploads\/2024\/04\/Hotel-des-voyageurs-logoBlanc2-300x143.png 300w, https:\/\/voyageurs.ch\/website\/wp-content\/uploads\/2024\/04\/Hotel-des-voyageurs-logoBlanc2-768x366.png 768w\" sizes=\"(max-width: 1000px) 100vw, 1000px\" \/><\/a><\/div><\/figure><div class=\"vcex-spacing wpex-w-100 wpex-clear\" style=\"height:10vh;\"><\/div>[vc_row_inner content_placement=&#8220;bottom&#8220;][vc_column_inner offset=&#8220;vc_col-lg-offset-2 vc_col-lg-8 vc_col-md-offset-1 vc_col-md-10&#8243;][vc_column_text css=&#8220;&#8220; color=&#8220;#ffffff&#8220; font_family=&#8220;palast-variable&#8220; text_align=&#8220;center&#8220; font_size=&#8220;d:1em|pp:0.8em&#8220; el_class=&#8220;ombrePorteeText&#8220;]\n<h1>Praktische Dienstleistungen, die darauf ausgelegt sind, Ihren Aufenthalt bei uns so angenehm wie m\u00f6glich zu gestalten.<\/h1>\n[\/vc_column_text]<div class=\"vcex-spacing wpex-w-100 wpex-clear\" style=\"height:10vh;\"><\/div>[\/vc_column_inner][\/vc_row_inner][\/vc_column][\/vc_row][vc_row][vc_column][\/vc_column][\/vc_row][vc_row][vc_column offset=&#8220;vc_col-lg-offset-2 vc_col-lg-8 vc_col-md-offset-1 vc_col-md-10&#8243;][vc_column_text css=&#8220;&#8220; text_align=&#8220;center&#8220; color=&#8220;accent&#8220;]\n<h1>W\u00e4hrend Ihres Aufenthalts<\/h1>\n<p class=\"p1\">Um Ihren Aufenthalt so angenehm wie m\u00f6glich zu gestalten, bieten wir Ihnen eine Reihe von Dienstleistungen an, die auf Ihre Bed\u00fcrfnisse zugeschnitten sind. Hier finden Sie alle n\u00fctzlichen Informationen, um Ihren Aufenthalt im H\u00f4tel des Voyageurs in vollen Z\u00fcgen zu genie\u00dfen.<\/p>\n[\/vc_column_text]<div class=\"vcex-spacing wpex-w-100 wpex-clear\" style=\"height:50px;\"><\/div>[\/vc_column][\/vc_row][vc_row][vc_column width=&#8220;1\/3&#8243; offset=&#8220;vc_col-xs-12&#8243;]<style>.vcex-image.vcex_69d062fd35d68 .vcex-image-img{object-position:bottom center;}<\/style><figure class=\"vcex-image vcex-module RespMarginRight60 vcex_69d062fd35d68\"><div class=\"vcex-image-inner wpex-relative wpex-inline-block\"><img width=\"1365\" height=\"2048\" src=\"https:\/\/voyageurs.ch\/website\/wp-content\/uploads\/2025\/09\/HOTELDESVOYAGEURS_250412_0196.jpg\" class=\"vcex-image-img wpex-align-middle wpex-aspect-3-4 wpex-object-cover\" alt=\"\" loading=\"lazy\" decoding=\"async\" srcset=\"https:\/\/voyageurs.ch\/website\/wp-content\/uploads\/2025\/09\/HOTELDESVOYAGEURS_250412_0196.jpg 1365w, https:\/\/voyageurs.ch\/website\/wp-content\/uploads\/2025\/09\/HOTELDESVOYAGEURS_250412_0196-200x300.jpg 200w, https:\/\/voyageurs.ch\/website\/wp-content\/uploads\/2025\/09\/HOTELDESVOYAGEURS_250412_0196-683x1024.jpg 683w, https:\/\/voyageurs.ch\/website\/wp-content\/uploads\/2025\/09\/HOTELDESVOYAGEURS_250412_0196-768x1152.jpg 768w, https:\/\/voyageurs.ch\/website\/wp-content\/uploads\/2025\/09\/HOTELDESVOYAGEURS_250412_0196-1024x1536.jpg 1024w, https:\/\/voyageurs.ch\/website\/wp-content\/uploads\/2025\/09\/HOTELDESVOYAGEURS_250412_0196-267x400.jpg 267w\" sizes=\"auto, (max-width: 1365px) 100vw, 1365px\" \/><\/div><\/figure>[\/vc_column][vc_column width=&#8220;1\/3&#8243;]<div class=\"vcex-spacing wpex-w-100 wpex-clear\" style=\"height:60px;\"><\/div>[vc_column_text css=&#8220;&#8220; text_align=&#8220;left&#8220;]<strong>Fr\u00fchst\u00fcck<br \/>\n<\/strong>In einem harmonisch gestalteten Raum wird das Fr\u00fchst\u00fcck in Buffetform serviert, mit sorgf\u00e4ltig ausgew\u00e4hlten frischen und vielf\u00e4ltigen Produkten.<br \/>\nMontag &#8211; Samstag: 6:45 &#8211; 10:00 Uhr<br \/>\nSonntag: 8:00 &#8211; 10:30 Uhr<\/p>\n<p><strong>Rezeption<\/strong><br \/>\nUnser Team empf\u00e4ngt Sie t\u00e4glich von 7:00 bis 22:00 Uhr. Nachtzugang (22:00 bis 7:00 Uhr) zum Hotel mit der Zimmerkarte.<\/p>\n<p><strong>Anreise<\/strong><br \/>\nVon 14:00 bis 22:00 Uhr. Bei sp\u00e4ter Anreise wird Ihnen am Vortag Ihrer Anreise ein Zugangscode zugesandt.<\/p>\n<p><strong>Abreise<\/strong><br \/>\nVon 07:00 bis 11:00 Uhr<\/p>\n<p><strong>Gep\u00e4ck<\/strong><br \/>\nEine Gep\u00e4ckaufbewahrung steht Ihnen an der Rezeption zur Verf\u00fcgung.<\/p>\n<p><strong>Auf Anfrage<br \/>\n<\/strong>Hausschuhe, zus\u00e4tzliche Kissen (Synthetik oder Daunen), Stromadapter, Zahnb\u00fcrste, Zahnpasta, Rasierer, N\u00e4hzeug oder Schuhputzset sind an der Rezeption erh\u00e4ltlich.[\/vc_column_text]<div class=\"vcex-spacing wpex-w-100 wpex-clear\" style=\"height:40px;\"><\/div><a href=\"http:\/\/voyageurs.ch\/website\/wp-content\/uploads\/2024\/04\/Directory_brochure_2024.pdf\" class=\"vcex-button theme-button inline\" target=\"_blank\" rel=\"noopener noreferrer\"><span class=\"vcex-button-inner theme-button-inner wpex-flex wpex-flex-wrap wpex-items-center wpex-justify-center\">Weitere Informationen (PDF)<\/span><\/a> \t<style>.vcex_69d062fd38081{height:100px;}@media (max-width:767px){.vcex_69d062fd38081{height:20px;}}@media (max-width:479px){.vcex_69d062fd38081{height:20px;}}<\/style>\n<div class=\"vcex-spacing wpex-w-100 wpex-clear vcex_69d062fd38081\"><\/div>[\/vc_column][vc_column width=&#8220;1\/3&#8243; offset=&#8220;vc_col-lg-offset-1 vc_col-lg-3&#8243; visibility=&#8220;hidden-phone&#8220;]\t<style>.vcex_69d062fd381a1{height:250px;}@media (max-width:767px){.vcex_69d062fd381a1{height:20px;}}@media (max-width:479px){.vcex_69d062fd381a1{height:20px;}}<\/style>\n<div class=\"vcex-spacing wpex-w-100 wpex-clear vcex_69d062fd381a1\"><\/div><style>.vcex-image.vcex_69d062fd3857d .vcex-image-img{object-position:bottom center;}<\/style><figure class=\"vcex-image vcex-module wpex-text-right vcex_69d062fd3857d\"><div class=\"vcex-image-inner wpex-relative wpex-inline-block\"><img width=\"1365\" height=\"2048\" src=\"https:\/\/voyageurs.ch\/website\/wp-content\/uploads\/2025\/09\/HOTELDESVOYAGEURS_250412_0213.jpg\" class=\"vcex-image-img wpex-align-middle\" alt=\"\" loading=\"lazy\" decoding=\"async\" srcset=\"https:\/\/voyageurs.ch\/website\/wp-content\/uploads\/2025\/09\/HOTELDESVOYAGEURS_250412_0213.jpg 1365w, https:\/\/voyageurs.ch\/website\/wp-content\/uploads\/2025\/09\/HOTELDESVOYAGEURS_250412_0213-200x300.jpg 200w, https:\/\/voyageurs.ch\/website\/wp-content\/uploads\/2025\/09\/HOTELDESVOYAGEURS_250412_0213-683x1024.jpg 683w, https:\/\/voyageurs.ch\/website\/wp-content\/uploads\/2025\/09\/HOTELDESVOYAGEURS_250412_0213-768x1152.jpg 768w, https:\/\/voyageurs.ch\/website\/wp-content\/uploads\/2025\/09\/HOTELDESVOYAGEURS_250412_0213-1024x1536.jpg 1024w, https:\/\/voyageurs.ch\/website\/wp-content\/uploads\/2025\/09\/HOTELDESVOYAGEURS_250412_0213-267x400.jpg 267w\" sizes=\"auto, (max-width: 1365px) 100vw, 1365px\" \/><\/div><\/figure>[\/vc_column][\/vc_row][vc_row][vc_column width=&#8220;1\/3&#8243; offset=&#8220;vc_col-lg-offset-2&#8243;]<figure class=\"vcex-image vcex-module wpex-text-right\"><div class=\"vcex-image-inner wpex-relative wpex-inline-block\"><img width=\"1365\" height=\"2048\" src=\"https:\/\/voyageurs.ch\/website\/wp-content\/uploads\/2025\/09\/HOTELDESVOYAGEURS_250412_0170.jpg\" class=\"vcex-image-img wpex-align-middle\" alt=\"\" loading=\"lazy\" decoding=\"async\" srcset=\"https:\/\/voyageurs.ch\/website\/wp-content\/uploads\/2025\/09\/HOTELDESVOYAGEURS_250412_0170.jpg 1365w, https:\/\/voyageurs.ch\/website\/wp-content\/uploads\/2025\/09\/HOTELDESVOYAGEURS_250412_0170-200x300.jpg 200w, https:\/\/voyageurs.ch\/website\/wp-content\/uploads\/2025\/09\/HOTELDESVOYAGEURS_250412_0170-683x1024.jpg 683w, https:\/\/voyageurs.ch\/website\/wp-content\/uploads\/2025\/09\/HOTELDESVOYAGEURS_250412_0170-768x1152.jpg 768w, https:\/\/voyageurs.ch\/website\/wp-content\/uploads\/2025\/09\/HOTELDESVOYAGEURS_250412_0170-1024x1536.jpg 1024w, https:\/\/voyageurs.ch\/website\/wp-content\/uploads\/2025\/09\/HOTELDESVOYAGEURS_250412_0170-267x400.jpg 267w\" sizes=\"auto, (max-width: 1365px) 100vw, 1365px\" \/><\/div><\/figure>[\/vc_column][vc_column width=&#8220;1\/3&#8243; offset=&#8220;vc_col-lg-offset-1&#8243;][vc_column_text css=&#8220;&#8220; text_align=&#8220;left&#8220;]<strong>Nichtraucherhotel<br \/>\n<\/strong>F\u00fcr Ihren Komfort ist das gesamte Haus ein Nichtraucherbereich.<\/p>\n<p><strong>WLAN-Zugang<br \/>\n<\/strong>Der kostenlose Highspeed-WLAN-Zugang ist im gesamten Haus gew\u00e4hrleistet.<\/p>\n<p><strong>VOIP-Telefonie<br \/>\n<\/strong>Vorzugspreise.<\/p>\n<p><strong>Barrierefreier Zugang<br \/>\n<\/strong>Das Hotel verf\u00fcgt \u00fcber ein Zimmer, das f\u00fcr Personen mit eingeschr\u00e4nkter Mobilit\u00e4t geeignet ist.<\/p>\n<p><strong>Parkplatz<\/strong><br \/>\nParkplatz in der N\u00e4he (500m) (Parkkarten zu Vorzugspreisen erh\u00e4ltlich).<br \/>\nSiehe <a href=\"https:\/\/voyageurs.ch\/de\/anfahrt\/\">Anfahrt<\/a>[\/vc_column_text][\/vc_column][\/vc_row]\n<\/div>","protected":false},"excerpt":{"rendered":"<p>[vc_row full_width=&#8220;stretch_row_content_no_spaces&#8220; content_placement=&#8220;middle&#8220; css=&#8220;.vc_custom_1765469219903{background-image: url(https:\/\/voyageurs.ch\/website\/wp-content\/uploads\/2025\/08\/HOTELDESVOYAGEURS_250412_0374_retouche.jpg?id=984) !important;background-position: center !important;background-repeat: no-repeat !important;background-size: cover !important;}&#8220; min_height=&#8220;600px&#8220; wpex_bg_overlay=&#8220;color&#8220; wpex_bg_overlay_blend=&#8220;multiply&#8220; wpex_bg_overlay_color=&#8220;palette-13&#8243; wpex_bg_overlay_opacity=&#8220;20%&#8220; wpex_bg_position=&#8220;top center&#8220;][vc_column][vc_row_inner content_placement=&#8220;bottom&#8220;][vc_column_inner offset=&#8220;vc_col-lg-offset-2 vc_col-lg-8 vc_col-md-offset-1 vc_col-md-10&#8243;][vc_column_text css=&#8220;&#8220; color=&#8220;#ffffff&#8220; font_family=&#8220;palast-variable&#8220; text_align=&#8220;center&#8220; font_size=&#8220;d:1em|pp:0.8em&#8220; el_class=&#8220;ombrePorteeText&#8220;] Praktische Dienstleistungen, die darauf ausgelegt sind, Ihren Aufenthalt bei uns so angenehm wie m\u00f6glich zu gestalten. [\/vc_column_text][\/vc_column_inner][\/vc_row_inner][\/vc_column][\/vc_row][vc_row][vc_column][\/vc_column][\/vc_row][vc_row][vc_column offset=&#8220;vc_col-lg-offset-2 vc_col-lg-8 vc_col-md-offset-1 vc_col-md-10&#8243;][vc_column_text css=&#8220;&#8220; text_align=&#8220;center&#8220; color=&#8220;accent&#8220;] W\u00e4hrend&hellip;<\/p>\n","protected":false},"author":1,"featured_media":0,"parent":0,"menu_order":0,"comment_status":"closed","ping_status":"open","template":"","meta":{"footnotes":""},"class_list":["post-1373","page","type-page","status-publish","hentry","entry","no-media"],"_links":{"self":[{"href":"https:\/\/voyageurs.ch\/de\/wp-json\/wp\/v2\/pages\/1373","targetHints":{"allow":["GET"]}}],"collection":[{"href":"https:\/\/voyageurs.ch\/de\/wp-json\/wp\/v2\/pages"}],"about":[{"href":"https:\/\/voyageurs.ch\/de\/wp-json\/wp\/v2\/types\/page"}],"author":[{"embeddable":true,"href":"https:\/\/voyageurs.ch\/de\/wp-json\/wp\/v2\/users\/1"}],"replies":[{"embeddable":true,"href":"https:\/\/voyageurs.ch\/de\/wp-json\/wp\/v2\/comments?post=1373"}],"version-history":[{"count":7,"href":"https:\/\/voyageurs.ch\/de\/wp-json\/wp\/v2\/pages\/1373\/revisions"}],"predecessor-version":[{"id":2039,"href":"https:\/\/voyageurs.ch\/de\/wp-json\/wp\/v2\/pages\/1373\/revisions\/2039"}],"wp:attachment":[{"href":"https:\/\/voyageurs.ch\/de\/wp-json\/wp\/v2\/media?parent=1373"}],"curies":[{"name":"wp","href":"https:\/\/api.w.org\/{rel}","templated":true}]}}