{"id":1391,"date":"2024-04-03T14:57:45","date_gmt":"2024-04-03T12:57:45","guid":{"rendered":"http:\/\/prod.voyageurs.ch\/website\/unsere-zimmer\/"},"modified":"2025-12-11T17:21:09","modified_gmt":"2025-12-11T16:21:09","slug":"unsere-zimmer","status":"publish","type":"page","link":"https:\/\/voyageurs.ch\/de\/unsere-zimmer\/","title":{"rendered":"Unsere Zimmer"},"content":{"rendered":"<div class=\"wpb-content-wrapper\">[vc_row full_width=&#8220;stretch_row_content_no_spaces&#8220; content_placement=&#8220;middle&#8220; css=&#8220;.vc_custom_1765469250136{background-image: url(https:\/\/voyageurs.ch\/website\/wp-content\/uploads\/2025\/07\/HOTELDESVOYAGEURS_250412_0186.jpg?id=631) !important;background-position: center !important;background-repeat: no-repeat !important;background-size: cover !important;}&#8220; min_height=&#8220;600px&#8220; wpex_bg_overlay=&#8220;color&#8220; wpex_bg_overlay_blend=&#8220;multiply&#8220; wpex_bg_overlay_color=&#8220;palette-13&#8243; wpex_bg_overlay_opacity=&#8220;20%&#8220;][vc_column]<style>.vcex-image.vcex_69d063059acdf .vcex-image-inner{max-width:350px;}<\/style><figure class=\"vcex-image vcex-module wpex-text-center logoHome vcex_69d063059acdf\"><div class=\"vcex-image-inner wpex-relative wpex-inline-block vc_custom_1758278538683\"><a href=\"https:\/\/voyageurs.ch\/de\/\"><img width=\"1000\" height=\"477\" src=\"https:\/\/voyageurs.ch\/website\/wp-content\/uploads\/2024\/04\/Hotel-des-voyageurs-logoBlanc2.png\" class=\"vcex-image-img wpex-align-middle skip-lazy\" alt=\"H\u00f4tel des Voyageurs\" data-no-lazy=\"1\" srcset=\"https:\/\/voyageurs.ch\/website\/wp-content\/uploads\/2024\/04\/Hotel-des-voyageurs-logoBlanc2.png 1000w, https:\/\/voyageurs.ch\/website\/wp-content\/uploads\/2024\/04\/Hotel-des-voyageurs-logoBlanc2-300x143.png 300w, https:\/\/voyageurs.ch\/website\/wp-content\/uploads\/2024\/04\/Hotel-des-voyageurs-logoBlanc2-768x366.png 768w\" sizes=\"(max-width: 1000px) 100vw, 1000px\" \/><\/a><\/div><\/figure><div class=\"vcex-spacing wpex-w-100 wpex-clear\" style=\"height:10vh;\"><\/div>[vc_row_inner content_placement=&#8220;bottom&#8220;][vc_column_inner offset=&#8220;vc_col-lg-offset-2 vc_col-lg-8 vc_col-md-offset-1 vc_col-md-10&#8243;][vc_column_text color=&#8220;#ffffff&#8220; font_family=&#8220;palast-variable&#8220; text_align=&#8220;center&#8220; font_size=&#8220;d:1em|pp:0.8em&#8220; el_class=&#8220;ombrePorteeText&#8220;]\n<h1>Im Herzen von Lausanne ist unser Hotel eine Oase der Ruhe inmitten des gesch\u00e4ftigen Treibens der Stadt<\/h1>\n[\/vc_column_text]<div class=\"vcex-spacing wpex-w-100 wpex-clear\" style=\"height:10vh;\"><\/div>[\/vc_column_inner][\/vc_row_inner][\/vc_column][\/vc_row][vc_row][vc_column][\/vc_column][\/vc_row][vc_row][vc_column offset=&#8220;vc_col-lg-offset-2 vc_col-lg-8 vc_col-md-offset-1 vc_col-md-10&#8243;][vc_column_text css=&#8220;&#8220; text_align=&#8220;center&#8220; color=&#8220;accent&#8220;]\n<h1>F\u00fcr Sie gestaltete Zimmer<\/h1>\n<p>Jedes unserer Zimmer wurde als Ihr ganz pers\u00f6nlicher Raum konzipiert. Ein Ort, um zur Ruhe zu kommen, sich zu erholen, vielleicht zu arbeiten \u2013 in Stille und Licht.<br \/>\nDie Linien sind schlicht, die Materialien sorgf\u00e4ltig ausgew\u00e4hlt, die Details nie dem Zufall \u00fcberlassen.<br \/>\nEs geht nicht nur ums Schlafen, sondern darum, einen Moment zu bewohnen. Je nach Ihren W\u00fcnschen und Bed\u00fcrfnissen stehen Ihnen verschiedene Formate zur Verf\u00fcgung \u2013 alle mit der gleichen Aufmerksamkeit f\u00fcr Komfort und Stimmigkeit.[\/vc_column_text]<div class=\"vcex-spacing wpex-w-100 wpex-clear\" style=\"height:50px;\"><\/div>[\/vc_column][\/vc_row][vc_row][vc_column]<div id=\"cartesChambres\" class=\"wpex-post-cards wpex-post-cards-template_520 wpex-relative\"  data-vcex-class=\"Wpex_Post_Cards_Shortcode\" data-vcex-atts=\"{&quot;card_style&quot;:&quot;template_520&quot;,&quot;entry_count&quot;:0,&quot;grid_columns&quot;:&quot;2&quot;,&quot;order&quot;:&quot;ASC&quot;,&quot;orderby&quot;:&quot;meta_value&quot;,&quot;post_types&quot;:&quot;portfolio&quot;,&quot;running_count&quot;:4,&quot;unique_id&quot;:&quot;cartesChambres&quot;,&quot;nonce&quot;:&quot;c22800e07f&quot;}\" data-vcex-current-page=\"1\" aria-live=\"polite\" aria-relevant=\"additions removals\" data-vcex-max-pages=\"0\"><div class=\"wpex-post-cards-inner\"><div class=\"wpex-post-cards-loop wpex-post-cards-grid wpex-row wpex-clr\"><div class=\"wpex-post-cards-entry col col-1 span_1_of_2 post-1461 type-portfolio cat-14 translation_priority-8\"><div class=\"wpex-card wpex-card-template_520\"><style>.vc_custom_1753166809152{padding-bottom: 15px !important;}.vc_custom_1753109862312{padding-left: 15px !important;}<\/style><a href=\"https:\/\/voyageurs.ch\/de\/chambre\/klassik\/\" aria-label=\"Klassik\" class=\"wpex-card-inner wpex-no-underline wpex-inherit-color\"><div class=\"vc_row wpb_row vc_row-fluid vc_custom_1753166809152 vc_row-o-equal-height vc_row-o-content-bottom vc_row-flex wpex-relative wpex-vc-has-custom-column-spacing wpex-vc-column-spacing-0px wpex-vc_row-has-fill no-bottom-margins wpex-vc-reset-negative-margin wpex-has-overlay wpex-has-overlay--69d063059e999\" style=\"background-image:url(https:\/\/voyageurs.ch\/website\/wp-content\/uploads\/2024\/04\/HOTELDESVOYAGEURS_250412_0309-3.jpg)!important;min-height:300px;background-position:50% 65%;!important;background-size:cover!important;\"><div class=\"wpex-bg-overlay-wrap wpex-absolute wpex-inset-0 wpex-rounded-inherit\"><style class=\"wpex-bg-overlay-css\">.wpex-has-overlay--69d063059e999 > .wpex-bg-overlay-wrap .wpex-bg-overlay{background-color:var(--wpex-palette-13-color);opacity:60%;}<\/style><span class=\"wpex-bg-overlay color wpex-absolute wpex-inset-0 wpex-rounded-inherit wpex-duration-500 wpex-opacity-60 wpex-mix-blend-multiply wpex-bg-black\"><\/span><\/div><div class=\"wpb_column vc_column_container vc_col-sm-12\"><div class=\"vc_column-inner vc_custom_1753109862312\"><div class=\"wpb_wrapper\"><style>.vcex-heading.vcex_69d063059f91b{color:#ffffff;font-weight:700;}.vcex-heading.vcex_69d063059f91b:hover{color:#ffffff;}<\/style><h2 class=\"vcex-heading vcex-heading-plain vcex-module wpex-h2 titreschambres vcex_69d063059f91b\"><span href=\"https:\/\/voyageurs.ch\/de\/chambre\/klassik\/\" class=\"wpex-no-underline wpex-inherit-color-important\" target=\"_self\"><span class=\"vcex-heading-inner wpex-inline-block\">Klassik<\/span><\/span><\/h2><style>.vcex-post-excerpt.vcex_69d06305a0063{color:#ffffff;}<\/style><div class=\"vcex-post-excerpt vcex-module wpex-text-pretty wpex-last-mb-0 vcex_69d06305a0063\"><p>Gr\u00f6\u00dfe: 17 bis 20 m\u00b2<\/p>\n<\/div><\/div><\/div><\/div><\/div><\/a><\/div><\/div><div class=\"wpex-post-cards-entry col col-2 span_1_of_2 post-1603 type-portfolio cat-14 translation_priority-8\"><div class=\"wpex-card wpex-card-template_520\"><a href=\"https:\/\/voyageurs.ch\/de\/chambre\/superior\/\" aria-label=\"Superior\" class=\"wpex-card-inner wpex-no-underline wpex-inherit-color\"><div class=\"vc_row wpb_row vc_row-fluid vc_custom_1753166809152 vc_row-o-equal-height vc_row-o-content-bottom vc_row-flex wpex-relative wpex-vc-has-custom-column-spacing wpex-vc-column-spacing-0px wpex-vc_row-has-fill no-bottom-margins wpex-vc-reset-negative-margin wpex-has-overlay wpex-has-overlay--69d06305a082e\" style=\"background-image:url(https:\/\/voyageurs.ch\/website\/wp-content\/uploads\/2024\/04\/HOTELDESVOYAGEURS_250412_0316.jpg)!important;min-height:300px;background-position:50% 65%;!important;background-size:cover!important;\"><div class=\"wpex-bg-overlay-wrap wpex-absolute wpex-inset-0 wpex-rounded-inherit\"><style class=\"wpex-bg-overlay-css\">.wpex-has-overlay--69d06305a082e > .wpex-bg-overlay-wrap .wpex-bg-overlay{background-color:var(--wpex-palette-13-color);opacity:60%;}<\/style><span class=\"wpex-bg-overlay color wpex-absolute wpex-inset-0 wpex-rounded-inherit wpex-duration-500 wpex-opacity-60 wpex-mix-blend-multiply wpex-bg-black\"><\/span><\/div><div class=\"wpb_column vc_column_container vc_col-sm-12\"><div class=\"vc_column-inner vc_custom_1753109862312\"><div class=\"wpb_wrapper\"><style>.vcex-heading.vcex_69d06305a1126{color:#ffffff;font-weight:700;}.vcex-heading.vcex_69d06305a1126:hover{color:#ffffff;}<\/style><h2 class=\"vcex-heading vcex-heading-plain vcex-module wpex-h2 titreschambres vcex_69d06305a1126\"><span href=\"https:\/\/voyageurs.ch\/de\/chambre\/superior\/\" class=\"wpex-no-underline wpex-inherit-color-important\" target=\"_self\"><span class=\"vcex-heading-inner wpex-inline-block\">Superior<\/span><\/span><\/h2><style>.vcex-post-excerpt.vcex_69d06305a1672{color:#ffffff;}<\/style><div class=\"vcex-post-excerpt vcex-module wpex-text-pretty wpex-last-mb-0 vcex_69d06305a1672\"><p>Gr\u00f6\u00dfe: 23 m\u00b2<\/p>\n<\/div><\/div><\/div><\/div><\/div><\/a><\/div><\/div><div class=\"wpex-post-cards-entry col col-1 span_1_of_2 post-1647 type-portfolio cat-14 translation_priority-8\"><div class=\"wpex-card wpex-card-template_520\"><a href=\"https:\/\/voyageurs.ch\/de\/chambre\/deluxe\/\" aria-label=\"Deluxe\" class=\"wpex-card-inner wpex-no-underline wpex-inherit-color\"><div class=\"vc_row wpb_row vc_row-fluid vc_custom_1753166809152 vc_row-o-equal-height vc_row-o-content-bottom vc_row-flex wpex-relative wpex-vc-has-custom-column-spacing wpex-vc-column-spacing-0px wpex-vc_row-has-fill no-bottom-margins wpex-vc-reset-negative-margin wpex-has-overlay wpex-has-overlay--69d06305a1cbf\" style=\"background-image:url(https:\/\/voyageurs.ch\/website\/wp-content\/uploads\/2024\/04\/HOTELDESVOYAGEURS_250412_0170.jpg)!important;min-height:300px;background-position:50% 65%;!important;background-size:cover!important;\"><div class=\"wpex-bg-overlay-wrap wpex-absolute wpex-inset-0 wpex-rounded-inherit\"><style class=\"wpex-bg-overlay-css\">.wpex-has-overlay--69d06305a1cbf > .wpex-bg-overlay-wrap .wpex-bg-overlay{background-color:var(--wpex-palette-13-color);opacity:60%;}<\/style><span class=\"wpex-bg-overlay color wpex-absolute wpex-inset-0 wpex-rounded-inherit wpex-duration-500 wpex-opacity-60 wpex-mix-blend-multiply wpex-bg-black\"><\/span><\/div><div class=\"wpb_column vc_column_container vc_col-sm-12\"><div class=\"vc_column-inner vc_custom_1753109862312\"><div class=\"wpb_wrapper\"><style>.vcex-heading.vcex_69d06305a268b{color:#ffffff;font-weight:700;}.vcex-heading.vcex_69d06305a268b:hover{color:#ffffff;}<\/style><h2 class=\"vcex-heading vcex-heading-plain vcex-module wpex-h2 titreschambres vcex_69d06305a268b\"><span href=\"https:\/\/voyageurs.ch\/de\/chambre\/deluxe\/\" class=\"wpex-no-underline wpex-inherit-color-important\" target=\"_self\"><span class=\"vcex-heading-inner wpex-inline-block\">Deluxe<\/span><\/span><\/h2><style>.vcex-post-excerpt.vcex_69d06305a2c0c{color:#ffffff;}<\/style><div class=\"vcex-post-excerpt vcex-module wpex-text-pretty wpex-last-mb-0 vcex_69d06305a2c0c\"><p>Gr\u00f6\u00dfe: 26 m\u00b2<\/p>\n<\/div><\/div><\/div><\/div><\/div><\/a><\/div><\/div><div class=\"wpex-post-cards-entry col col-2 span_1_of_2 post-1526 type-portfolio cat-14\"><div class=\"wpex-card wpex-card-template_520\"><a href=\"https:\/\/voyageurs.ch\/de\/chambre\/suite\/\" aria-label=\"Suite\" class=\"wpex-card-inner wpex-no-underline wpex-inherit-color\"><div class=\"vc_row wpb_row vc_row-fluid vc_custom_1753166809152 vc_row-o-equal-height vc_row-o-content-bottom vc_row-flex wpex-relative wpex-vc-has-custom-column-spacing wpex-vc-column-spacing-0px wpex-vc_row-has-fill no-bottom-margins wpex-vc-reset-negative-margin wpex-has-overlay wpex-has-overlay--69d06305a3290\" style=\"background-image:url(https:\/\/voyageurs.ch\/website\/wp-content\/uploads\/2024\/04\/HOTELDESVOYAGEURS_250412_0352.jpg)!important;min-height:300px;background-position:50% 65%;!important;background-size:cover!important;\"><div class=\"wpex-bg-overlay-wrap wpex-absolute wpex-inset-0 wpex-rounded-inherit\"><style class=\"wpex-bg-overlay-css\">.wpex-has-overlay--69d06305a3290 > .wpex-bg-overlay-wrap .wpex-bg-overlay{background-color:var(--wpex-palette-13-color);opacity:60%;}<\/style><span class=\"wpex-bg-overlay color wpex-absolute wpex-inset-0 wpex-rounded-inherit wpex-duration-500 wpex-opacity-60 wpex-mix-blend-multiply wpex-bg-black\"><\/span><\/div><div class=\"wpb_column vc_column_container vc_col-sm-12\"><div class=\"vc_column-inner vc_custom_1753109862312\"><div class=\"wpb_wrapper\"><style>.vcex-heading.vcex_69d06305a3b67{color:#ffffff;font-weight:700;}.vcex-heading.vcex_69d06305a3b67:hover{color:#ffffff;}<\/style><h2 class=\"vcex-heading vcex-heading-plain vcex-module wpex-h2 titreschambres vcex_69d06305a3b67\"><span href=\"https:\/\/voyageurs.ch\/de\/chambre\/suite\/\" class=\"wpex-no-underline wpex-inherit-color-important\" target=\"_self\"><span class=\"vcex-heading-inner wpex-inline-block\">Suite<\/span><\/span><\/h2><style>.vcex-post-excerpt.vcex_69d06305a41cf{color:#ffffff;}<\/style><div class=\"vcex-post-excerpt vcex-module wpex-text-pretty wpex-last-mb-0 vcex_69d06305a41cf\"><p>Gr\u00f6\u00dfe: 40 m\u00b2<\/p>\n<\/div><\/div><\/div><\/div><\/div><\/a><\/div><\/div><\/div><\/div><div class=\"vcex-ajax-loader wpex-hidden wpex-absolute wpex-inset-0 wpex-items-center wpex-justify-center\"><span class=\"vcex-ajax-loader__overlay wpex-absolute wpex-inset-0 wpex-surface-1 wpex-opacity-60 wpex-z-10\"><\/span><div class=\"vcex-ajax-loader__icon wpex-relative wpex-z-20\"><svg height=\"30\" width=\"30\" class=\"wpex-animate-spin wpex-opacity-5\" xmlns=\"http:\/\/www.w3.org\/2000\/svg\" viewBox=\"0 0 16 16\" fill=\"currentColor\"><path fill-rule=\"evenodd\" d=\"M8 3a5 5 0 1 0 4.546 2.914.5.5 0 0 1 .908-.417A6 6 0 1 1 8 2z\"\/><path d=\"M8 4.466V.534a.25.25 0 0 1 .41-.192l2.36 1.966c.12.1.12.284 0 .384L8.41 4.658A.25.25 0 0 1 8 4.466\"\/><\/svg><\/div><\/div><\/div>[\/vc_column][\/vc_row][vc_row el_id=&#8220;fonctionalitesChambres&#8220;][vc_column width=&#8220;1\/4&#8243;]<style>.vcex-pricing.vcex_69d06305a5bcf{border-width:1px;border-style:solid;border-color:#2c4f65;}.vcex-pricing.vcex_69d06305a5bcf .vcex-pricing-plan{font-family:palast-variable, serif;font-weight:700;color:var(--wpex-palette-13-color);}.vcex-pricing.vcex_69d06305a5bcf .vcex-pricing-ammount{font-size:0.6em;}.vcex-pricing.vcex_69d06305a5bcf .vcex-pricing-button__link{border-width:1px;}<\/style><div class=\"vcex-module vcex-pricing wpex-flex wpex-flex-col vcex-pricing-style-alt-2 wpex-leading-normal wpex-surface-1 wpex-p-20 wpex-border-solid wpex-border wpex-border-main wpex-last-mb-0 wpex-shadow-none hvr hvr-shadow vcex_69d06305a5bcf\"><div class=\"vcex-pricing-plan vcex-pricing-header wpex-font-bold wpex-text-2xl wpex-text-1 wpex-border-b-3 wpex-border-solid wpex-border-accent wpex-mb-10 wpex-pb-10\">Klassik<\/div><div class=\"vcex-pricing-content wpex-flex-grow wpex-last-mb-0 wpex-my-20 wpex-clr\"><ul>\n<li>17\u201320 m\u00b2<\/li>\n<li>Betten: 160 \/ 180 \/ 2\u00d790<\/li>\n<li>Schreibtisch \/ Arbeitsplatz<\/li>\n<li>Nespresso-Maschine<\/li>\n<li>4 Zimmer mit Balkonen *<\/li>\n<\/ul>\n<\/div><div class=\"vcex-pricing-button wpex-mt-auto\"><a href=\"https:\/\/voyageurs.ch\/de\/chambre\/klassik\/\" title=\"Klassik\" class=\"vcex-pricing-button__link theme-button flat wpex-p-10 wpex-w-100 wpex-text-center\">Zimmer entdecken<\/a><\/div><\/div>[\/vc_column][vc_column width=&#8220;1\/4&#8243;]<style>.vcex-pricing.vcex_69d06305a7e42{border-width:1px;border-style:solid;border-color:#2c4f65;}.vcex-pricing.vcex_69d06305a7e42 .vcex-pricing-plan{font-family:palast-variable, serif;font-weight:700;color:var(--wpex-palette-13-color);}.vcex-pricing.vcex_69d06305a7e42 .vcex-pricing-ammount{font-size:0.6em;}.vcex-pricing.vcex_69d06305a7e42 .vcex-pricing-button__link{border-width:1px;}<\/style><div class=\"vcex-module vcex-pricing wpex-flex wpex-flex-col vcex-pricing-style-alt-2 wpex-leading-normal wpex-surface-1 wpex-p-20 wpex-border-solid wpex-border wpex-border-main wpex-last-mb-0 wpex-shadow-none hvr hvr-shadow vcex_69d06305a7e42\"><div class=\"vcex-pricing-plan vcex-pricing-header wpex-font-bold wpex-text-2xl wpex-text-1 wpex-border-b-3 wpex-border-solid wpex-border-accent wpex-mb-10 wpex-pb-10\">Superior<\/div><div class=\"vcex-pricing-content wpex-flex-grow wpex-last-mb-0 wpex-my-20 wpex-clr\"><ul>\n<li>23 m\u00b2<\/li>\n<li>Betten: 160 \/ 180 \/ 2\u00d790<\/li>\n<li>Schreibtisch \/ Arbeitsplatz<\/li>\n<li>Nespresso-Maschine<\/li>\n<\/ul>\n<\/div><div class=\"vcex-pricing-button wpex-mt-auto\"><a href=\"https:\/\/voyageurs.ch\/de\/chambre\/superior\/\" title=\"Klassik\" class=\"vcex-pricing-button__link theme-button flat wpex-p-10 wpex-w-100 wpex-text-center\">Zimmer entdecken<\/a><\/div><\/div>[\/vc_column][vc_column width=&#8220;1\/4&#8243;]<style>.vcex-pricing.vcex_69d06305a8dcd{border-width:1px;border-style:solid;border-color:#2c4f65;}.vcex-pricing.vcex_69d06305a8dcd .vcex-pricing-plan{font-family:palast-variable, serif;font-weight:700;color:var(--wpex-palette-13-color);}.vcex-pricing.vcex_69d06305a8dcd .vcex-pricing-ammount{font-size:0.6em;}.vcex-pricing.vcex_69d06305a8dcd .vcex-pricing-button__link{border-width:1px;}<\/style><div class=\"vcex-module vcex-pricing wpex-flex wpex-flex-col vcex-pricing-style-alt-2 wpex-leading-normal wpex-surface-1 wpex-p-20 wpex-border-solid wpex-border wpex-border-main wpex-last-mb-0 wpex-shadow-none hvr hvr-shadow vcex_69d06305a8dcd\"><div class=\"vcex-pricing-plan vcex-pricing-header wpex-font-bold wpex-text-2xl wpex-text-1 wpex-border-b-3 wpex-border-solid wpex-border-accent wpex-mb-10 wpex-pb-10\">Deluxe<\/div><div class=\"vcex-pricing-content wpex-flex-grow wpex-last-mb-0 wpex-my-20 wpex-clr\"><ul>\n<li>26 m\u00b2<\/li>\n<li>Betten: 160 \/ 180 \/ 2\u00d790<\/li>\n<li>Schreibtisch \/ Arbeitsplatz<\/li>\n<li>Nespresso-Maschine<\/li>\n<li>1 Zimmer mit Terrasse *<\/li>\n<li>Separate WCs<\/li>\n<li>Ankleide<\/li>\n<\/ul>\n<\/div><div class=\"vcex-pricing-button wpex-mt-auto\"><a href=\"https:\/\/voyageurs.ch\/de\/chambre\/deluxe\/\" title=\"Klassik\" class=\"vcex-pricing-button__link theme-button flat wpex-p-10 wpex-w-100 wpex-text-center\">Zimmer entdecken<\/a><\/div><\/div>[\/vc_column][vc_column width=&#8220;1\/4&#8243;]<style>.vcex-pricing.vcex_69d06305a9b3f{border-width:1px;border-style:solid;border-color:#2c4f65;}.vcex-pricing.vcex_69d06305a9b3f .vcex-pricing-plan{font-family:palast-variable, serif;font-weight:700;color:var(--wpex-palette-13-color);}.vcex-pricing.vcex_69d06305a9b3f .vcex-pricing-ammount{font-size:0.6em;}.vcex-pricing.vcex_69d06305a9b3f .vcex-pricing-button__link{border-width:1px;}<\/style><div class=\"vcex-module vcex-pricing wpex-flex wpex-flex-col vcex-pricing-style-alt-2 wpex-leading-normal wpex-surface-1 wpex-p-20 wpex-border-solid wpex-border wpex-border-main wpex-last-mb-0 wpex-shadow-none hvr hvr-shadow vcex_69d06305a9b3f\"><div class=\"vcex-pricing-plan vcex-pricing-header wpex-font-bold wpex-text-2xl wpex-text-1 wpex-border-b-3 wpex-border-solid wpex-border-accent wpex-mb-10 wpex-pb-10\">Suite<\/div><div class=\"vcex-pricing-content wpex-flex-grow wpex-last-mb-0 wpex-my-20 wpex-clr\"><ul>\n<li>40 m\u00b2<\/li>\n<li>Betten: 180 \/ 2\u00d790 + Sofa<\/li>\n<li>Schreibtisch \/ Arbeitsplatz<\/li>\n<li>Nespresso-Maschine<\/li>\n<li>1 Suite mit Terrasse *<\/li>\n<li>Separate WCs<\/li>\n<li>Ankleide<\/li>\n<\/ul>\n<\/div><div class=\"vcex-pricing-button wpex-mt-auto\"><a href=\"https:\/\/voyageurs.ch\/de\/chambre\/suite\/\" title=\"Klassik\" class=\"vcex-pricing-button__link theme-button flat wpex-p-10 wpex-w-100 wpex-text-center\">Zimmer entdecken<\/a><\/div><\/div>[\/vc_column][\/vc_row][vc_row][vc_column][vc_column_text css=&#8220;&#8220;]* je nach Verf\u00fcgbarkeit[\/vc_column_text][\/vc_column][\/vc_row]\n<\/div>","protected":false},"excerpt":{"rendered":"Wie zu Hause Mit einer Fl\u00e4che von 40 m\u00b2 besteht unsere Suite aus einem Schlafzimmer, einem separaten Wohnzimmer und einem B\u00fcro und bietet ausreichend Platz, um sich wohlzuf\u00fchlen. Ein separates WC, ein Ankleidezimmer und eine Nespresso-Maschine erg\u00e4nzen die Ausstattung dieser Suite, die darauf ausgelegt ist, Komfort, Ruhe und Freiheit zu vereinen. Fl\u00e4che von 40 m\u00b2&hellip;","protected":false},"author":1,"featured_media":0,"parent":0,"menu_order":0,"comment_status":"closed","ping_status":"open","template":"","meta":{"footnotes":""},"class_list":["post-1391","page","type-page","status-publish","hentry","entry","has-media"],"_links":{"self":[{"href":"https:\/\/voyageurs.ch\/de\/wp-json\/wp\/v2\/pages\/1391","targetHints":{"allow":["GET"]}}],"collection":[{"href":"https:\/\/voyageurs.ch\/de\/wp-json\/wp\/v2\/pages"}],"about":[{"href":"https:\/\/voyageurs.ch\/de\/wp-json\/wp\/v2\/types\/page"}],"author":[{"embeddable":true,"href":"https:\/\/voyageurs.ch\/de\/wp-json\/wp\/v2\/users\/1"}],"replies":[{"embeddable":true,"href":"https:\/\/voyageurs.ch\/de\/wp-json\/wp\/v2\/comments?post=1391"}],"version-history":[{"count":6,"href":"https:\/\/voyageurs.ch\/de\/wp-json\/wp\/v2\/pages\/1391\/revisions"}],"predecessor-version":[{"id":2021,"href":"https:\/\/voyageurs.ch\/de\/wp-json\/wp\/v2\/pages\/1391\/revisions\/2021"}],"wp:attachment":[{"href":"https:\/\/voyageurs.ch\/de\/wp-json\/wp\/v2\/media?parent=1391"}],"curies":[{"name":"wp","href":"https:\/\/api.w.org\/{rel}","templated":true}]}}